{"id":12341,"date":"2025-04-08T09:38:36","date_gmt":"2025-04-08T09:38:36","guid":{"rendered":"https:\/\/navee.com.tr\/?page_id=12341"},"modified":"2026-03-09T10:07:06","modified_gmt":"2026-03-09T10:07:06","slug":"k-v-k-k","status":"publish","type":"page","link":"https:\/\/navee.com.tr\/en\/k-v-k-k\/","title":{"rendered":"K.V.K.K"},"content":{"rendered":"<p>6698 SAYILI K\u0130\u015e\u0130SEL VER\u0130LER\u0130N KORUNMASI KANUNU KAPSAMINDA AYDINLATMA METN\u0130<\/p>\n<p>6698 say\u0131l\u0131 \u201cKi\u015fisel Verilerin Korunmas\u0131 Kanunu (Bundan b\u00f6yle k\u0131saca \u201cKanun \u201d olarak an\u0131lacakt\u0131r.) 07.04.2016 tarihinde yay\u0131nlanarak y\u00fcr\u00fcrl\u00fc\u011fe girmi\u015f ve Veri Sorumlular\u0131na birtak\u0131m y\u00fck\u00fcml\u00fcl\u00fckler y\u00fcklemi\u015ftir.S\u00f6z konusu kanun kapsam\u0131nda \u015eirketimiz \u0130STECH \u0130LET\u0130\u015e\u0130M VE B\u0130LG\u0130 TEKNOLOJ\u0130LER\u0130 \u0130N\u015eAAT OTOMOT\u0130V SANAY\u0130 VE T\u0130CARET L\u0130M\u0130TED \u015e\u0130RKET\u0130 (Bundan b\u00f6yle k\u0131saca \u201c\u015eirket\u201d olarak an\u0131lacakt\u0131r.) \u201cVeri Sorumlusu\u201d s\u0131fat\u0131na sahip olup, bu s\u0131fat\u0131n gerektirdi\u011fi y\u00fck\u00fcml\u00fcl\u00fcklere hassasiyetle yakla\u015fmakta, ki\u015fisel verilerin gizlili\u011fine b\u00fcy\u00fck \u00f6nem vermekte ve bunu bir \u00e7al\u0131\u015fma ilkesi olarak benimsemektedir. \u015eirket ki\u015fisel verilerin g\u00fcvenli\u011fi hususuna azami hassasiyet g\u00f6stermekte; bu bilin\u00e7le, \u015eirket ile ili\u015fkili t\u00fcm \u015fah\u0131slara ait ilgili ki\u015fisel verilerin Kanunu\u2019 a uygun olarak i\u015flenerek, muhafaza edilmesine b\u00fcy\u00fck \u00f6nem atfetmektedir.<\/p>\n<p>\u0130\u015fbu ayd\u0131nlatma metni Kanun\u2019un 10. maddesi ile Ayd\u0131nlatma Y\u00fck\u00fcml\u00fcl\u00fc\u011f\u00fcn\u00fcn Yerine Getirilmesinde Uyulacak Usul ve Esaslar Hakk\u0131nda Tebli\u011f kapsam\u0131nda veri sorumlusu s\u0131fat\u0131na haiz \u015firket taraf\u0131ndan a\u015fa\u011f\u0131da belirtilen hususlar kapsam\u0131nda sizleri bilgilendirmek y\u00f6nelik ve ayd\u0131nlatma y\u00fck\u00fcml\u00fcl\u00fc\u011f\u00fcn\u00fc yerine getirmek \u00fczere haz\u0131rlanm\u0131\u015ft\u0131r.<\/p>\n<p>TOPLANAN K\u0130\u015e\u0130SEL VER\u0130LER VE TOPLANMA Y\u00d6NTEM\u0130<\/p>\n<p>Veri Sorumlusu s\u0131fat\u0131n\u0131 haiz \u0130STECH \u0130LET\u0130\u015e\u0130M VE B\u0130LG\u0130 TEKNOLOJ\u0130LER\u0130 \u0130N\u015eAAT OTOMOT\u0130V SANAY\u0130 VE T\u0130CARET L\u0130M\u0130TED \u015e\u0130RKET\u0130 olarak \u015eirketimiz taraf\u0131ndan sa\u011flanan hizmet ve \u015eirketimizin ticari faaliyetlerine ba\u011fl\u0131 olarak de\u011fi\u015fkenlik g\u00f6sterebilmekle birlikte; kimlik bilgisi, ileti\u015fim bilgisi, m\u00fc\u015fteri bilgisi, m\u00fc\u015fteri i\u015flem bilgisi, i\u015flem g\u00fcvenli\u011fi bilgisi, hukuki i\u015flem ve uyum bilgisi ile pazarlama sat\u0131\u015f bilgisi kategorilerine ait ki\u015fisel verileriniz \u015e\u0130RKET Genel M\u00fcd\u00fcrl\u00fck, anla\u015fmal\u0131 internet siteleri \u00fczerinden yap\u0131lm\u0131\u015f olan ba\u015fvurular, destek hizmeti verdi\u011fimiz \/ ald\u0131\u011f\u0131m\u0131z sair kurumlar ile her t\u00fcrl\u00fc mevzuat veya s\u00f6zle\u015fme dahilinde i\u015flem yap\u0131lan ger\u00e7ek ve \/ veya t\u00fczel ki\u015filer, internet sitemiz ve mobil uygulamam\u0131z, \u00e7a\u011fr\u0131 merkezlerimiz, sosyal medya hesaplar\u0131m\u0131z gibi mecralardan s\u00f6zl\u00fc, yaz\u0131l\u0131 veya elektronik ortamda otomatik veya otomatik olmayan y\u00f6ntemlerle toplanmaktad\u0131r.<\/p>\n<p>\u0130\u015eLENME AMA\u00c7LARI<\/p>\n<p>\u015eirketimizce toplanan ki\u015fisel verileriniz, \u015eirketimiz taraf\u0131ndan sunulan \u00fcr\u00fcn ve hizmetlerden sizleri faydaland\u0131rmak i\u00e7in gerekli \u00e7al\u0131\u015fmalar\u0131n i\u015f birimlerimiz taraf\u0131ndan yap\u0131lmas\u0131, \u015firketimiz taraf\u0131ndan sunulan t\u00fcm \u00fcr\u00fcn ve hizmetlere ili\u015fkin y\u00fck\u00fcml\u00fcl\u00fcklerimizi ve sorumluluklar\u0131m\u0131z\u0131 yerine getirmek, vermeyi hedefledi\u011fimiz en iyi hizmeti ve \u00fcr\u00fcn\u00fc sa\u011flamak, \u015eirketimizin ve \u015eirketimizle i\u015f ili\u015fkisi i\u00e7erisinde olan ki\u015filerin hukuki ve ticari g\u00fcvenli\u011finin temini, \u015eirketimiz taraf\u0131ndan y\u00fcr\u00fct\u00fclen faaliyete y\u00f6nelik t\u00fcm faaliyetlerin mevzuata uygun y\u00fcr\u00fct\u00fclmesi, \u0130\u015f faaliyetlerinin y\u00fcr\u00fct\u00fclmesi, bilgi verme y\u00fck\u00fcml\u00fcl\u00fc\u011f\u00fcm\u00fcz olan kamu kurumlar\u0131nca istenilen bilgilerin saklamas\u0131, faaliyetimiz kapsam\u0131nda Yetkili Ki\u015fi, Kurum Ve Kurulu\u015flara mevzuata uygun olarak bilgi verilmesi, al\u0131nmas\u0131, raporlamas\u0131 ve bu kurumlar\u0131n bilgi ve belge taleplerinin kar\u015f\u0131lanmas\u0131, pazarlama faaliyetlerinde bulunulmas\u0131, Bilgi G\u00fcvenli\u011fi S\u00fcre\u00e7lerinin Y\u00fcr\u00fct\u00fclmesi, Hukuk \u0130\u015flerinin Takibi Ve Y\u00fcr\u00fct\u00fclmesi, \u0130leti\u015fim Faaliyetlerinin Y\u00fcr\u00fct\u00fclmesi, Mal \/ Hizmet \u00dcretim al\u0131m sat\u0131m Ve Operasyon S\u00fcre\u00e7lerinin Y\u00fcr\u00fct\u00fclmesi, Reklam \/ Kampanya S\u00fcre\u00e7lerinin Y\u00fcr\u00fct\u00fclmesi, Saklama Ve Ar\u015fiv Faaliyetlerinin Y\u00fcr\u00fct\u00fclmesi, S\u00f6zle\u015fme S\u00fcre\u00e7lerinin Y\u00fcr\u00fct\u00fclmesi, Veri Sorumlusu Operasyonlar\u0131n\u0131n G\u00fcvenli\u011finin Temini amac\u0131yla i\u015flenmektedir.<\/p>\n<p>K\u0130\u015e\u0130SEL VER\u0130LER\u0130N \u0130\u015eLENMES\u0130 HUKUK\u0130 SEBEB\u0130<\/p>\n<p>\u00d6zel nitelikli ki\u015fisel veri kapsam\u0131nda yer almayan ki\u015fisel verileriniz Kanunun 5. Maddesinde belirtilen \u201ckanunlarda a\u00e7\u0131k\u00e7a \u00f6ng\u00f6r\u00fclmesi\u201d, \u201cbir s\u00f6zle\u015fmenin kurulmas\u0131 veya ifas\u0131yla do\u011frudan do\u011fruya ilgili olmas\u0131 kayd\u0131yla, s\u00f6zle\u015fmenin taraflar\u0131na ait ki\u015fisel verilerin i\u015flenmesinin gerekli olmas\u0131\u201d, \u201cveri sorumlusunun hukuki y\u00fck\u00fcml\u00fcl\u00fc\u011f\u00fcn\u00fc yerine getirebilmesi i\u00e7in zorunlu olmas\u0131\u201d, \u201cbir hakk\u0131n tesisi, kullan\u0131lmas\u0131 veya korunmas\u0131 i\u00e7in veri i\u015flemenin zorunlu olmas\u0131\u201d, \u201cilgili ki\u015finin temel hak ve \u00f6zg\u00fcrl\u00fcklerine zarar vermemek kayd\u0131yla, veri sorumlusunun me\u015fru menfaatleri i\u00e7in veri i\u015flenmesinin zorunlu olmas\u0131\u201d hukuki sebeplerine; bu hukuki sebeplere dayand\u0131r\u0131lamayan durumlarda Kanunun 5. Maddesinde belirtilen \u201cilgili ki\u015finin a\u00e7\u0131k r\u0131zas\u0131\u201d hukuki sebebine dayal\u0131 olarak i\u015flenmektedir.<\/p>\n<p>\u0130\u015eLENEN K\u0130\u015e\u0130SEL VER\u0130LER\u0130N AKTARIMI VE AKTARIM AMACI<\/p>\n<p>Toplanan ki\u015fisel verileriniz; yukar\u0131da belirtilen ama\u00e7lar\u0131n ger\u00e7ekle\u015ftirilmesi ile amac\u0131 s\u0131n\u0131rl\u0131 olmak \u00fczere; faaliyetlerin y\u00fcr\u00fct\u00fclmesi ve iyile\u015ftirilmesi amac\u0131yla \u015e\u0130RKET\u2019in i\u015f ortaklar\u0131na, tedarik\u00e7ilerine, hissedarlar\u0131na, \/hizmet kar\u015f\u0131la\u015ft\u0131rma, analiz, de\u011ferlendirme, reklam ve yukar\u0131da belirtilen ama\u00e7lar\u0131n ger\u00e7ekle\u015ftirilmesinde hizmet ald\u0131\u011f\u0131, i\u015fbirli\u011fi yapt\u0131\u011f\u0131 ger\u00e7ek veya t\u00fczel ki\u015filere, Kanunen yetkili kamu kurum ve kurulu\u015flar\u0131, idari merciler ve yasal mercilere ve mevzuat h\u00fck\u00fcmlerinin izin verdi\u011fi ki\u015fi veya kurulu\u015flara, Kanun\u2019un 8. maddesinde belirtilen ki\u015fisel veri i\u015fleme \u015fartlar\u0131 ve ama\u00e7lar\u0131 \u00e7er\u00e7evesinde aktar\u0131labilecektir.<\/p>\n<p>K\u0130\u015e\u0130SEL VER\u0130S\u0130 \u0130\u015eLENEN \u0130LG\u0130L\u0130 K\u0130\u015e\u0130N\u0130N HAKLARI<\/p>\n<p>KVKK h\u00fck\u00fcmleri uyar\u0131nca, Ki\u015fisel veri i\u015flenip i\u015flenmedi\u011fini \u00f6\u011frenme, Ki\u015fisel verileri i\u015flenmi\u015fse buna ili\u015fkin bilgi talep etme, Ki\u015fisel verilerin i\u015flenme amac\u0131n\u0131 ve bunlar\u0131n amac\u0131na uygun kullan\u0131l\u0131p kullan\u0131lmad\u0131\u011f\u0131n\u0131 \u00f6\u011frenme, Yurt i\u00e7inde veya yurt d\u0131\u015f\u0131nda ki\u015fisel verilerin aktar\u0131ld\u0131\u011f\u0131 \u00fc\u00e7\u00fcnc\u00fc ki\u015fileri bilme, Ki\u015fisel verilerin eksik veya yanl\u0131\u015f i\u015flenmi\u015f olmas\u0131 h\u00e2linde bunlar\u0131n d\u00fczeltilmesini isteme, Ki\u015fisel verilerin silinmesini veya yok edilmesini isteme, Ki\u015fisel verilerin d\u00fczeltilmesi, silinmesi ya da yok edilmesi halinde bu i\u015flemlerin ki\u015fisel verilerin aktar\u0131ld\u0131\u011f\u0131 \u00fc\u00e7\u00fcnc\u00fc ki\u015filere bildirilmesini isteme, \u0130\u015flenen verilerin m\u00fcnhas\u0131ran otomatik sistemler vas\u0131tas\u0131yla analiz edilmesi suretiyle ki\u015finin kendisi aleyhine bir sonucun ortaya \u00e7\u0131kmas\u0131na itiraz etme, Ki\u015fisel verilerin kanuna ayk\u0131r\u0131 olarak i\u015flenmesi sebebiyle zarara u\u011framas\u0131 h\u00e2linde zarar\u0131n giderilmesini talep etme haklar\u0131n\u0131za sahipsiniz. Bu haklar\u0131n\u0131z\u0131 kullan\u0131rken Ad\u0131n\u0131z\u0131n, soyad\u0131n\u0131z\u0131n ve ba\u015fvuru yaz\u0131l\u0131 ise imzan\u0131z\u0131n, T\u00fcrkiye Cumhuriyeti vatanda\u015flar\u0131 i\u00e7in T.C. kimlik numaran\u0131z\u0131n, yabanc\u0131 iseniz uyru\u011funuzun, pasaport numaran\u0131z\u0131n veya varsa kimlik numaran\u0131z\u0131n, tebligata esas yerle\u015fim yeri veya i\u015f yeri adresinizin, varsa bildirime esas elektronik posta adresi, telefon ve faks numaran\u0131z\u0131n, talep konunuzun, bulunmas\u0131 zorunlu olup, varsa konuya ili\u015fkin bilgi ve belgelerin de ba\u015fvuruya eklenmesi gerekmektedir. Bu kapsamda iletilen talepleriniz 30 g\u00fcn i\u00e7erisinde sonu\u00e7land\u0131r\u0131lacakt\u0131r. Ba\u015fvurular\u0131n\u0131z KVKK kapsam\u0131nda \u015firketimizle ileti\u015fime ge\u00e7mek, geri bildirimde bulunmak ya da sorular\u0131n\u0131z\u0131 y\u00f6neltmek isterseniz, taleplerinizi yaz\u0131l\u0131 olarak. info@navee.com.tr adresine iletebilir, noter kanal\u0131yla ula\u015ft\u0131rabilir veya web sitemizde mevcut ileti\u015fim formu k\u0131sm\u0131ndan g\u00fcvenli elektronik imzal\u0131 olarak iletebilirsiniz.<\/p>\n<p>Sayg\u0131yla bilgilerinize sunulur.<\/p>\n\n    <div class=\"xs_social_share_widget xs_share_url after_content \t\tmain_content  wslu-style-1 wslu-share-box-shaped wslu-fill-colored wslu-none wslu-share-horizontal wslu-theme-font-no wslu-main_content\">\n\n\t\t\n        <ul>\n\t\t\t        <\/ul>\n    <\/div>","protected":false},"excerpt":{"rendered":"<p>6698 SAYILI K\u0130\u015e\u0130SEL VER\u0130LER\u0130N KORUNMASI KANUNU KAPSAMINDA AYDINLATMA METN\u0130 6698 say\u0131l\u0131 \u201cKi\u015fisel Verilerin Korunmas\u0131 Kanunu (Bundan b\u00f6yle k\u0131saca \u201cKanun \u201d olarak an\u0131lacakt\u0131r.) 07.04.2016 tarihinde yay\u0131nlanarak y\u00fcr\u00fcrl\u00fc\u011fe girmi\u015f ve Veri Sorumlular\u0131na birtak\u0131m y\u00fck\u00fcml\u00fcl\u00fckler y\u00fcklemi\u015ftir.S\u00f6z konusu kanun kapsam\u0131nda \u015eirketimiz \u0130STECH \u0130LET\u0130\u015e\u0130M VE B\u0130LG\u0130 TEKNOLOJ\u0130LER\u0130 \u0130N\u015eAAT OTOMOT\u0130V SANAY\u0130 VE T\u0130CARET L\u0130M\u0130TED \u015e\u0130RKET\u0130 (Bundan b\u00f6yle k\u0131saca \u201c\u015eirket\u201d olarak an\u0131lacakt\u0131r.) [&hellip;]<\/p>","protected":false},"author":1,"featured_media":0,"parent":0,"menu_order":0,"comment_status":"closed","ping_status":"closed","template":"","meta":{"_acf_changed":false,"footnotes":""},"class_list":["post-12341","page","type-page","status-publish","hentry"],"acf":[],"yoast_head":"<!-- This site is optimized with the Yoast SEO plugin v25.3 - https:\/\/yoast.com\/wordpress\/plugins\/seo\/ -->\n<title>K.V.K.K - Navee<\/title>\n<meta name=\"robots\" content=\"index, follow, max-snippet:-1, max-image-preview:large, max-video-preview:-1\" \/>\n<link rel=\"canonical\" href=\"https:\/\/navee.com.tr\/en\/k-v-k-k\/\" \/>\n<meta property=\"og:locale\" content=\"en_US\" \/>\n<meta property=\"og:type\" content=\"article\" \/>\n<meta property=\"og:title\" content=\"K.V.K.K - Navee\" \/>\n<meta property=\"og:description\" content=\"6698 SAYILI K\u0130\u015e\u0130SEL VER\u0130LER\u0130N KORUNMASI KANUNU KAPSAMINDA AYDINLATMA METN\u0130 6698 say\u0131l\u0131 \u201cKi\u015fisel Verilerin Korunmas\u0131 Kanunu (Bundan b\u00f6yle k\u0131saca \u201cKanun \u201d olarak an\u0131lacakt\u0131r.) 07.04.2016 tarihinde yay\u0131nlanarak y\u00fcr\u00fcrl\u00fc\u011fe girmi\u015f ve Veri Sorumlular\u0131na birtak\u0131m y\u00fck\u00fcml\u00fcl\u00fckler y\u00fcklemi\u015ftir.S\u00f6z konusu kanun kapsam\u0131nda \u015eirketimiz \u0130STECH \u0130LET\u0130\u015e\u0130M VE B\u0130LG\u0130 TEKNOLOJ\u0130LER\u0130 \u0130N\u015eAAT OTOMOT\u0130V SANAY\u0130 VE T\u0130CARET L\u0130M\u0130TED \u015e\u0130RKET\u0130 (Bundan b\u00f6yle k\u0131saca \u201c\u015eirket\u201d olarak an\u0131lacakt\u0131r.) [&hellip;]\" \/>\n<meta property=\"og:url\" content=\"https:\/\/navee.com.tr\/en\/k-v-k-k\/\" \/>\n<meta property=\"og:site_name\" content=\"Navee\" \/>\n<meta property=\"article:modified_time\" content=\"2026-03-09T10:07:06+00:00\" \/>\n<meta name=\"twitter:card\" content=\"summary_large_image\" \/>\n<meta name=\"twitter:label1\" content=\"Est. reading time\" \/>\n\t<meta name=\"twitter:data1\" content=\"5 minutes\" \/>\n<script type=\"application\/ld+json\" class=\"yoast-schema-graph\">{\"@context\":\"https:\/\/schema.org\",\"@graph\":[{\"@type\":\"WebPage\",\"@id\":\"https:\/\/navee.com.tr\/k-v-k-k\/\",\"url\":\"https:\/\/navee.com.tr\/k-v-k-k\/\",\"name\":\"K.V.K.K - Navee\",\"isPartOf\":{\"@id\":\"https:\/\/navee.com.tr\/#website\"},\"datePublished\":\"2025-04-08T09:38:36+00:00\",\"dateModified\":\"2026-03-09T10:07:06+00:00\",\"breadcrumb\":{\"@id\":\"https:\/\/navee.com.tr\/k-v-k-k\/#breadcrumb\"},\"inLanguage\":\"en-US\",\"potentialAction\":[{\"@type\":\"ReadAction\",\"target\":[\"https:\/\/navee.com.tr\/k-v-k-k\/\"]}]},{\"@type\":\"BreadcrumbList\",\"@id\":\"https:\/\/navee.com.tr\/k-v-k-k\/#breadcrumb\",\"itemListElement\":[{\"@type\":\"ListItem\",\"position\":1,\"name\":\"Anasayfa\",\"item\":\"https:\/\/navee.com.tr\/\"},{\"@type\":\"ListItem\",\"position\":2,\"name\":\"K.V.K.K\"}]},{\"@type\":\"WebSite\",\"@id\":\"https:\/\/navee.com.tr\/#website\",\"url\":\"https:\/\/navee.com.tr\/\",\"name\":\"Navee\",\"description\":\"\",\"potentialAction\":[{\"@type\":\"SearchAction\",\"target\":{\"@type\":\"EntryPoint\",\"urlTemplate\":\"https:\/\/navee.com.tr\/?s={search_term_string}\"},\"query-input\":{\"@type\":\"PropertyValueSpecification\",\"valueRequired\":true,\"valueName\":\"search_term_string\"}}],\"inLanguage\":\"en-US\"}]}<\/script>\n<!-- \/ Yoast SEO plugin. -->","yoast_head_json":{"title":"K.V.K.K - Navee","robots":{"index":"index","follow":"follow","max-snippet":"max-snippet:-1","max-image-preview":"max-image-preview:large","max-video-preview":"max-video-preview:-1"},"canonical":"https:\/\/navee.com.tr\/en\/k-v-k-k\/","og_locale":"en_US","og_type":"article","og_title":"K.V.K.K - Navee","og_description":"6698 SAYILI K\u0130\u015e\u0130SEL VER\u0130LER\u0130N KORUNMASI KANUNU KAPSAMINDA AYDINLATMA METN\u0130 6698 say\u0131l\u0131 \u201cKi\u015fisel Verilerin Korunmas\u0131 Kanunu (Bundan b\u00f6yle k\u0131saca \u201cKanun \u201d olarak an\u0131lacakt\u0131r.) 07.04.2016 tarihinde yay\u0131nlanarak y\u00fcr\u00fcrl\u00fc\u011fe girmi\u015f ve Veri Sorumlular\u0131na birtak\u0131m y\u00fck\u00fcml\u00fcl\u00fckler y\u00fcklemi\u015ftir.S\u00f6z konusu kanun kapsam\u0131nda \u015eirketimiz \u0130STECH \u0130LET\u0130\u015e\u0130M VE B\u0130LG\u0130 TEKNOLOJ\u0130LER\u0130 \u0130N\u015eAAT OTOMOT\u0130V SANAY\u0130 VE T\u0130CARET L\u0130M\u0130TED \u015e\u0130RKET\u0130 (Bundan b\u00f6yle k\u0131saca \u201c\u015eirket\u201d olarak an\u0131lacakt\u0131r.) [&hellip;]","og_url":"https:\/\/navee.com.tr\/en\/k-v-k-k\/","og_site_name":"Navee","article_modified_time":"2026-03-09T10:07:06+00:00","twitter_card":"summary_large_image","twitter_misc":{"Est. reading time":"5 minutes"},"schema":{"@context":"https:\/\/schema.org","@graph":[{"@type":"WebPage","@id":"https:\/\/navee.com.tr\/k-v-k-k\/","url":"https:\/\/navee.com.tr\/k-v-k-k\/","name":"K.V.K.K - Navee","isPartOf":{"@id":"https:\/\/navee.com.tr\/#website"},"datePublished":"2025-04-08T09:38:36+00:00","dateModified":"2026-03-09T10:07:06+00:00","breadcrumb":{"@id":"https:\/\/navee.com.tr\/k-v-k-k\/#breadcrumb"},"inLanguage":"en-US","potentialAction":[{"@type":"ReadAction","target":["https:\/\/navee.com.tr\/k-v-k-k\/"]}]},{"@type":"BreadcrumbList","@id":"https:\/\/navee.com.tr\/k-v-k-k\/#breadcrumb","itemListElement":[{"@type":"ListItem","position":1,"name":"Anasayfa","item":"https:\/\/navee.com.tr\/"},{"@type":"ListItem","position":2,"name":"K.V.K.K"}]},{"@type":"WebSite","@id":"https:\/\/navee.com.tr\/#website","url":"https:\/\/navee.com.tr\/","name":"Navee","description":"","potentialAction":[{"@type":"SearchAction","target":{"@type":"EntryPoint","urlTemplate":"https:\/\/navee.com.tr\/?s={search_term_string}"},"query-input":{"@type":"PropertyValueSpecification","valueRequired":true,"valueName":"search_term_string"}}],"inLanguage":"en-US"}]}},"_links":{"self":[{"href":"https:\/\/navee.com.tr\/en\/wp-json\/wp\/v2\/pages\/12341"}],"collection":[{"href":"https:\/\/navee.com.tr\/en\/wp-json\/wp\/v2\/pages"}],"about":[{"href":"https:\/\/navee.com.tr\/en\/wp-json\/wp\/v2\/types\/page"}],"author":[{"embeddable":true,"href":"https:\/\/navee.com.tr\/en\/wp-json\/wp\/v2\/users\/1"}],"replies":[{"embeddable":true,"href":"https:\/\/navee.com.tr\/en\/wp-json\/wp\/v2\/comments?post=12341"}],"version-history":[{"count":3,"href":"https:\/\/navee.com.tr\/en\/wp-json\/wp\/v2\/pages\/12341\/revisions"}],"predecessor-version":[{"id":18595,"href":"https:\/\/navee.com.tr\/en\/wp-json\/wp\/v2\/pages\/12341\/revisions\/18595"}],"wp:attachment":[{"href":"https:\/\/navee.com.tr\/en\/wp-json\/wp\/v2\/media?parent=12341"}],"curies":[{"name":"wp","href":"https:\/\/api.w.org\/{rel}","templated":true}]}}