{"id":12587,"date":"2025-04-08T13:04:13","date_gmt":"2025-04-08T13:04:13","guid":{"rendered":"https:\/\/navee.com.tr\/?page_id=12587"},"modified":"2025-04-08T13:04:59","modified_gmt":"2025-04-08T13:04:59","slug":"blog","status":"publish","type":"page","link":"https:\/\/navee.com.tr\/en\/blog\/","title":{"rendered":"Blog"},"content":{"rendered":"<div data-elementor-type=\"wp-page\" data-elementor-id=\"12587\" class=\"elementor elementor-12587\">\n\t\t\t\t\t\t<section class=\"elementor-section elementor-top-section elementor-element elementor-element-805738a elementor-section-boxed elementor-section-height-default elementor-section-height-default\" data-id=\"805738a\" data-element_type=\"section\">\n\t\t\t\t\t\t<div class=\"elementor-container elementor-column-gap-default\">\n\t\t\t\t\t<div class=\"elementor-column elementor-col-100 elementor-top-column elementor-element elementor-element-6b45573\" data-id=\"6b45573\" data-element_type=\"column\">\n\t\t\t<div class=\"elementor-widget-wrap elementor-element-populated\">\n\t\t\t\t\t\t<div class=\"elementor-element elementor-element-627b4b1 title-block elementor-widget elementor-widget-text-editor\" data-id=\"627b4b1\" data-element_type=\"widget\" data-widget_type=\"text-editor.default\">\n\t\t\t\t<div class=\"elementor-widget-container\">\n\t\t\t\t\t\t\t\t\t<p>blog<\/p><h2>Globalden Haberler<\/h2>\t\t\t\t\t\t\t\t<\/div>\n\t\t\t\t<\/div>\n\t\t\t\t\t<\/div>\n\t\t<\/div>\n\t\t\t\t\t<\/div>\n\t\t<\/section>\n\t\t\t\t<section class=\"elementor-section elementor-top-section elementor-element elementor-element-c62dfe5 elementor-section-boxed elementor-section-height-default elementor-section-height-default\" data-id=\"c62dfe5\" data-element_type=\"section\">\n\t\t\t\t\t\t<div class=\"elementor-container elementor-column-gap-default\">\n\t\t\t\t\t<div class=\"elementor-column elementor-col-100 elementor-top-column elementor-element elementor-element-a6f7505\" data-id=\"a6f7505\" data-element_type=\"column\">\n\t\t\t<div class=\"elementor-widget-wrap elementor-element-populated\">\n\t\t\t\t\t\t<div class=\"elementor-element elementor-element-a0bdfd8 elementor-widget elementor-widget-bwp_recent_post\" data-id=\"a0bdfd8\" data-element_type=\"widget\" data-widget_type=\"bwp_recent_post.default\">\n\t\t\t\t<div class=\"elementor-widget-container\">\n\t\t\t\t\t<div class=\"bwp-recent-post slider2\">\r\n <div class=\"block\">\r\n \t\t<div class=\"block_content\">\r\n\t\t<div id=\"recent_post_4393110151777465949\" class=\"slick-carousel\" data-centermode=\"true\" data-nav=\"1\" data-columns4=\"1\" data-columns3=\"1\" data-columns2=\"2\" data-columns1=\"3\" data-columns=\"3\">\r\n\t\t\t\t\t\t<!-- Wrapper for slides -->\r\n\t\t\t\t\t\t\t\t<div  class=\"post-grid post-12483 post type-post status-publish format-image has-post-thumbnail hentry category-navee post_format-post-format-image\">\t\r\n\t\t\t\t\t\t<div class=\"post-inner style\">\r\n\t\t\t\t\t\t\t<div class=\"post-image\">\r\n\t\t\t\t\t\t\t\t<a class=\"post-thumbnail\" href=\"https:\/\/navee.com.tr\/en\/2025\/04\/08\/elektrikli-scooterlar-ile-cevreci-ulasim-mumkun-mu\/\" aria-hidden=\"true\">\r\n\t\t\t\t\t\t\t\t<img fetchpriority=\"high\" decoding=\"async\" width=\"720\" height=\"484\" src=\"https:\/\/navee.com.tr\/wp-content\/uploads\/2025\/04\/blog-kapak-3-720x484.jpg\" class=\"attachment-post-thumbnail size-post-thumbnail wp-post-image\" alt=\"Elektrikli Scooterlar ile \u00c7evreci Ula\u015f\u0131m M\u00fcmk\u00fcn M\u00fc?\" \/>\t\t\t\t\t\t\t\t<\/a>\r\n\t\t\t\t\t\t\t<\/div>\r\n\t\t\t\t\t\t\t<div class=\"post-inner-info\">\r\n\t\t\t\t\t\t\t\t<div class=\"categories\">\r\n\t\t\t\t\t\t\t\t\tpost by: <a href=\"https:\/\/navee.com.tr\/en\/category\/navee\/\">Navee<\/a>\r\n\t\t\t\t\t\t\t\t<\/div>\r\n\t\t\t\t\t\t\t\t<div class=\"date-time\">\r\n\t\t\t\t\t\t\t\t\t<span class=\"entry-date\"><time class=\"entry-date\" datetime=\"2025-04-08T11:13:41+00:00\">Apr 08, 2025<\/span><\/time><\/span>\t\r\n\t\t\t\t\t\t\t\t<\/div>\r\n\t\t\t\t\t\t\t<\/div>\r\n\t\t\t\t\t\t\t<div class=\"post-content\">\r\n\t\t\t\t\t\t\t\t<h2 class=\"entry-title\"><a href=\"https:\/\/navee.com.tr\/en\/2025\/04\/08\/elektrikli-scooterlar-ile-cevreci-ulasim-mumkun-mu\/\">Elektrikli Scooterlar ile \u00c7evreci Ula\u015f\u0131m M\u00fcmk\u00fcn M\u00fc?<\/a><\/h2>\r\n\t\t\t\t\t\t\t\t<p class=\"post-excerpt\">Son y\u0131llarda \u015fehir i\u00e7i ula\u015f\u0131mda elektrikli scooterlar\u0131n kullan\u0131m\u0131 h\u0131zla art\u0131yor. Peki, bu ara\u00e7lar ger\u00e7ekten... <\/p><div class=\"btn-read-more\"><a class=\"read-more\" href=\"https:\/\/navee.com.tr\/en\/2025\/04\/08\/elektrikli-scooterlar-ile-cevreci-ulasim-mumkun-mu\/\">read More<\/a><\/div>\t\t\t\t\t\t\t<\/div>\r\n\t\t\t\t\t\t<\/div>\r\n\t\t\t\t\t<\/div><!-- #post-## -->\r\n\t\t\t\t\t\t\t\t\t\t<!-- Wrapper for slides -->\r\n\t\t\t\t\t\t\t\t<div  class=\"post-grid post-12406 post type-post status-publish format-image has-post-thumbnail hentry category-navee post_format-post-format-image\">\t\r\n\t\t\t\t\t\t<div class=\"post-inner style\">\r\n\t\t\t\t\t\t\t<div class=\"post-image\">\r\n\t\t\t\t\t\t\t\t<a class=\"post-thumbnail\" href=\"https:\/\/navee.com.tr\/en\/2025\/04\/08\/navee-n65i-ile-tanisin-konforlu-ve-guclu-bir-surus-deneyimi\/\" aria-hidden=\"true\">\r\n\t\t\t\t\t\t\t\t<img decoding=\"async\" width=\"720\" height=\"484\" src=\"https:\/\/navee.com.tr\/wp-content\/uploads\/2025\/04\/blog-kapak-2-720x484.jpg\" class=\"attachment-post-thumbnail size-post-thumbnail wp-post-image\" alt=\"NAVEE N65i ile Tan\u0131\u015f\u0131n: Konforlu ve G\u00fc\u00e7l\u00fc Bir S\u00fcr\u00fc\u015f Deneyimi\" \/>\t\t\t\t\t\t\t\t<\/a>\r\n\t\t\t\t\t\t\t<\/div>\r\n\t\t\t\t\t\t\t<div class=\"post-inner-info\">\r\n\t\t\t\t\t\t\t\t<div class=\"categories\">\r\n\t\t\t\t\t\t\t\t\tpost by: <a href=\"https:\/\/navee.com.tr\/en\/category\/navee\/\">Navee<\/a>\r\n\t\t\t\t\t\t\t\t<\/div>\r\n\t\t\t\t\t\t\t\t<div class=\"date-time\">\r\n\t\t\t\t\t\t\t\t\t<span class=\"entry-date\"><time class=\"entry-date\" datetime=\"2025-04-08T10:59:32+00:00\">Apr 08, 2025<\/span><\/time><\/span>\t\r\n\t\t\t\t\t\t\t\t<\/div>\r\n\t\t\t\t\t\t\t<\/div>\r\n\t\t\t\t\t\t\t<div class=\"post-content\">\r\n\t\t\t\t\t\t\t\t<h2 class=\"entry-title\"><a href=\"https:\/\/navee.com.tr\/en\/2025\/04\/08\/navee-n65i-ile-tanisin-konforlu-ve-guclu-bir-surus-deneyimi\/\">NAVEE N65i ile Tan\u0131\u015f\u0131n: Konforlu ve G\u00fc\u00e7l\u00fc Bir S\u00fcr\u00fc\u015f Deneyimi<\/a><\/h2>\r\n\t\t\t\t\t\t\t\t<p class=\"post-excerpt\">Elektrikli scooter d\u00fcnyas\u0131nda yenilik\u00e7i bir model olan NAVEE N65i, \u015fehir i\u00e7i ula\u015f\u0131m\u0131 yepyeni bir... <\/p><div class=\"btn-read-more\"><a class=\"read-more\" href=\"https:\/\/navee.com.tr\/en\/2025\/04\/08\/navee-n65i-ile-tanisin-konforlu-ve-guclu-bir-surus-deneyimi\/\">read More<\/a><\/div>\t\t\t\t\t\t\t<\/div>\r\n\t\t\t\t\t\t<\/div>\r\n\t\t\t\t\t<\/div><!-- #post-## -->\r\n\t\t\t\t\t\t\t\t\t\t<!-- Wrapper for slides -->\r\n\t\t\t\t\t\t\t\t<div  class=\"post-grid post-12372 post type-post status-publish format-image has-post-thumbnail hentry category-navee post_format-post-format-image\">\t\r\n\t\t\t\t\t\t<div class=\"post-inner style\">\r\n\t\t\t\t\t\t\t<div class=\"post-image\">\r\n\t\t\t\t\t\t\t\t<a class=\"post-thumbnail\" href=\"https:\/\/navee.com.tr\/en\/2025\/04\/08\/elektrikli-scooter-kullaniminda-guvenligin-5-altin-kurali\/\" aria-hidden=\"true\">\r\n\t\t\t\t\t\t\t\t<img decoding=\"async\" width=\"720\" height=\"484\" src=\"https:\/\/navee.com.tr\/wp-content\/uploads\/2025\/04\/blog-kapak-720x484.jpg\" class=\"attachment-post-thumbnail size-post-thumbnail wp-post-image\" alt=\"Elektrikli Scooter Kullan\u0131m\u0131nda G\u00fcvenli\u011fin 5 Alt\u0131n Kural\u0131\" \/>\t\t\t\t\t\t\t\t<\/a>\r\n\t\t\t\t\t\t\t<\/div>\r\n\t\t\t\t\t\t\t<div class=\"post-inner-info\">\r\n\t\t\t\t\t\t\t\t<div class=\"categories\">\r\n\t\t\t\t\t\t\t\t\tpost by: <a href=\"https:\/\/navee.com.tr\/en\/category\/navee\/\">Navee<\/a>\r\n\t\t\t\t\t\t\t\t<\/div>\r\n\t\t\t\t\t\t\t\t<div class=\"date-time\">\r\n\t\t\t\t\t\t\t\t\t<span class=\"entry-date\"><time class=\"entry-date\" datetime=\"2025-04-08T10:06:01+00:00\">Apr 08, 2025<\/span><\/time><\/span>\t\r\n\t\t\t\t\t\t\t\t<\/div>\r\n\t\t\t\t\t\t\t<\/div>\r\n\t\t\t\t\t\t\t<div class=\"post-content\">\r\n\t\t\t\t\t\t\t\t<h2 class=\"entry-title\"><a href=\"https:\/\/navee.com.tr\/en\/2025\/04\/08\/elektrikli-scooter-kullaniminda-guvenligin-5-altin-kurali\/\">Elektrikli Scooter Kullan\u0131m\u0131nda G\u00fcvenli\u011fin 5 Alt\u0131n Kural\u0131<\/a><\/h2>\r\n\t\t\t\t\t\t\t\t<p class=\"post-excerpt\">Elektrikli scooterlar, \u015fehir i\u00e7i ula\u015f\u0131m\u0131 kolayla\u015ft\u0131ran \u00e7evreci ve pratik bir alternatif haline geldi. Ancak... <\/p><div class=\"btn-read-more\"><a class=\"read-more\" href=\"https:\/\/navee.com.tr\/en\/2025\/04\/08\/elektrikli-scooter-kullaniminda-guvenligin-5-altin-kurali\/\">read More<\/a><\/div>\t\t\t\t\t\t\t<\/div>\r\n\t\t\t\t\t\t<\/div>\r\n\t\t\t\t\t<\/div><!-- #post-## -->\r\n\t\t\t\t\t\t\t\t\t<\/div>\r\n\t<\/div>\r\n <\/div>\r\n<\/div>\r\n\t\t\t\t<\/div>\n\t\t\t\t<\/div>\n\t\t\t\t\t<\/div>\n\t\t<\/div>\n\t\t\t\t\t<\/div>\n\t\t<\/section>\n\t\t\t\t<\/div>\n\t\t\n    <div class=\"xs_social_share_widget xs_share_url after_content \t\tmain_content  wslu-style-1 wslu-share-box-shaped wslu-fill-colored wslu-none wslu-share-horizontal wslu-theme-font-no wslu-main_content\">\n\n\t\t\n        <ul>\n\t\t\t        <\/ul>\n    <\/div>","protected":false},"excerpt":{"rendered":"<p>blog Globalden Haberler post by: Navee Nis 08, 2025 Elektrikli Scooterlar ile \u00c7evreci Ula\u015f\u0131m M\u00fcmk\u00fcn M\u00fc? Son y\u0131llarda \u015fehir i\u00e7i ula\u015f\u0131mda elektrikli scooterlar\u0131n kullan\u0131m\u0131 h\u0131zla art\u0131yor. Peki, bu ara\u00e7lar ger\u00e7ekten&#8230; read More post by: Navee Nis 08, 2025 NAVEE N65i ile Tan\u0131\u015f\u0131n: Konforlu ve G\u00fc\u00e7l\u00fc Bir S\u00fcr\u00fc\u015f Deneyimi Elektrikli scooter d\u00fcnyas\u0131nda yenilik\u00e7i bir model olan [&hellip;]<\/p>","protected":false},"author":1,"featured_media":0,"parent":0,"menu_order":0,"comment_status":"closed","ping_status":"closed","template":"","meta":{"_acf_changed":false,"footnotes":""},"class_list":["post-12587","page","type-page","status-publish","hentry","has-post-thumbnail"],"acf":[],"yoast_head":"<!-- This site is optimized with the Yoast SEO plugin v25.3 - https:\/\/yoast.com\/wordpress\/plugins\/seo\/ -->\n<title>Blog - Navee<\/title>\n<meta name=\"robots\" content=\"index, follow, max-snippet:-1, max-image-preview:large, max-video-preview:-1\" \/>\n<link rel=\"canonical\" href=\"https:\/\/navee.com.tr\/en\/blog\/\" \/>\n<meta property=\"og:locale\" content=\"en_US\" \/>\n<meta property=\"og:type\" content=\"article\" \/>\n<meta property=\"og:title\" content=\"Blog - Navee\" \/>\n<meta property=\"og:description\" content=\"blog Globalden Haberler post by: Navee Nis 08, 2025 Elektrikli Scooterlar ile \u00c7evreci Ula\u015f\u0131m M\u00fcmk\u00fcn M\u00fc? Son y\u0131llarda \u015fehir i\u00e7i ula\u015f\u0131mda elektrikli scooterlar\u0131n kullan\u0131m\u0131 h\u0131zla art\u0131yor. Peki, bu ara\u00e7lar ger\u00e7ekten&#8230; read More post by: Navee Nis 08, 2025 NAVEE N65i ile Tan\u0131\u015f\u0131n: Konforlu ve G\u00fc\u00e7l\u00fc Bir S\u00fcr\u00fc\u015f Deneyimi Elektrikli scooter d\u00fcnyas\u0131nda yenilik\u00e7i bir model olan [&hellip;]\" \/>\n<meta property=\"og:url\" content=\"https:\/\/navee.com.tr\/en\/blog\/\" \/>\n<meta property=\"og:site_name\" content=\"Navee\" \/>\n<meta property=\"article:modified_time\" content=\"2025-04-08T13:04:59+00:00\" \/>\n<meta property=\"og:image\" content=\"https:\/\/navee.com.tr\/wp-content\/uploads\/2025\/04\/blog-kapak-3-720x484.jpg\" \/>\n<meta name=\"twitter:card\" content=\"summary_large_image\" \/>\n<meta name=\"twitter:label1\" content=\"Est. reading time\" \/>\n\t<meta name=\"twitter:data1\" content=\"1 minute\" \/>\n<script type=\"application\/ld+json\" class=\"yoast-schema-graph\">{\"@context\":\"https:\/\/schema.org\",\"@graph\":[{\"@type\":\"WebPage\",\"@id\":\"https:\/\/navee.com.tr\/blog\/\",\"url\":\"https:\/\/navee.com.tr\/blog\/\",\"name\":\"Blog - Navee\",\"isPartOf\":{\"@id\":\"https:\/\/navee.com.tr\/#website\"},\"primaryImageOfPage\":{\"@id\":\"https:\/\/navee.com.tr\/blog\/#primaryimage\"},\"image\":{\"@id\":\"https:\/\/navee.com.tr\/blog\/#primaryimage\"},\"thumbnailUrl\":\"https:\/\/navee.com.tr\/wp-content\/uploads\/2025\/04\/blog-kapak-3-720x484.jpg\",\"datePublished\":\"2025-04-08T13:04:13+00:00\",\"dateModified\":\"2025-04-08T13:04:59+00:00\",\"breadcrumb\":{\"@id\":\"https:\/\/navee.com.tr\/blog\/#breadcrumb\"},\"inLanguage\":\"en-US\",\"potentialAction\":[{\"@type\":\"ReadAction\",\"target\":[\"https:\/\/navee.com.tr\/blog\/\"]}]},{\"@type\":\"ImageObject\",\"inLanguage\":\"en-US\",\"@id\":\"https:\/\/navee.com.tr\/blog\/#primaryimage\",\"url\":\"https:\/\/navee.com.tr\/wp-content\/uploads\/2025\/04\/blog-kapak-3-720x484.jpg\",\"contentUrl\":\"https:\/\/navee.com.tr\/wp-content\/uploads\/2025\/04\/blog-kapak-3-720x484.jpg\"},{\"@type\":\"BreadcrumbList\",\"@id\":\"https:\/\/navee.com.tr\/blog\/#breadcrumb\",\"itemListElement\":[{\"@type\":\"ListItem\",\"position\":1,\"name\":\"Anasayfa\",\"item\":\"https:\/\/navee.com.tr\/\"},{\"@type\":\"ListItem\",\"position\":2,\"name\":\"Blog\"}]},{\"@type\":\"WebSite\",\"@id\":\"https:\/\/navee.com.tr\/#website\",\"url\":\"https:\/\/navee.com.tr\/\",\"name\":\"Navee\",\"description\":\"\",\"potentialAction\":[{\"@type\":\"SearchAction\",\"target\":{\"@type\":\"EntryPoint\",\"urlTemplate\":\"https:\/\/navee.com.tr\/?s={search_term_string}\"},\"query-input\":{\"@type\":\"PropertyValueSpecification\",\"valueRequired\":true,\"valueName\":\"search_term_string\"}}],\"inLanguage\":\"en-US\"}]}<\/script>\n<!-- \/ Yoast SEO plugin. -->","yoast_head_json":{"title":"Blog - Navee","robots":{"index":"index","follow":"follow","max-snippet":"max-snippet:-1","max-image-preview":"max-image-preview:large","max-video-preview":"max-video-preview:-1"},"canonical":"https:\/\/navee.com.tr\/en\/blog\/","og_locale":"en_US","og_type":"article","og_title":"Blog - Navee","og_description":"blog Globalden Haberler post by: Navee Nis 08, 2025 Elektrikli Scooterlar ile \u00c7evreci Ula\u015f\u0131m M\u00fcmk\u00fcn M\u00fc? Son y\u0131llarda \u015fehir i\u00e7i ula\u015f\u0131mda elektrikli scooterlar\u0131n kullan\u0131m\u0131 h\u0131zla art\u0131yor. Peki, bu ara\u00e7lar ger\u00e7ekten&#8230; read More post by: Navee Nis 08, 2025 NAVEE N65i ile Tan\u0131\u015f\u0131n: Konforlu ve G\u00fc\u00e7l\u00fc Bir S\u00fcr\u00fc\u015f Deneyimi Elektrikli scooter d\u00fcnyas\u0131nda yenilik\u00e7i bir model olan [&hellip;]","og_url":"https:\/\/navee.com.tr\/en\/blog\/","og_site_name":"Navee","article_modified_time":"2025-04-08T13:04:59+00:00","og_image":[{"url":"https:\/\/navee.com.tr\/wp-content\/uploads\/2025\/04\/blog-kapak-3-720x484.jpg","type":"","width":"","height":""}],"twitter_card":"summary_large_image","twitter_misc":{"Est. reading time":"1 minute"},"schema":{"@context":"https:\/\/schema.org","@graph":[{"@type":"WebPage","@id":"https:\/\/navee.com.tr\/blog\/","url":"https:\/\/navee.com.tr\/blog\/","name":"Blog - Navee","isPartOf":{"@id":"https:\/\/navee.com.tr\/#website"},"primaryImageOfPage":{"@id":"https:\/\/navee.com.tr\/blog\/#primaryimage"},"image":{"@id":"https:\/\/navee.com.tr\/blog\/#primaryimage"},"thumbnailUrl":"https:\/\/navee.com.tr\/wp-content\/uploads\/2025\/04\/blog-kapak-3-720x484.jpg","datePublished":"2025-04-08T13:04:13+00:00","dateModified":"2025-04-08T13:04:59+00:00","breadcrumb":{"@id":"https:\/\/navee.com.tr\/blog\/#breadcrumb"},"inLanguage":"en-US","potentialAction":[{"@type":"ReadAction","target":["https:\/\/navee.com.tr\/blog\/"]}]},{"@type":"ImageObject","inLanguage":"en-US","@id":"https:\/\/navee.com.tr\/blog\/#primaryimage","url":"https:\/\/navee.com.tr\/wp-content\/uploads\/2025\/04\/blog-kapak-3-720x484.jpg","contentUrl":"https:\/\/navee.com.tr\/wp-content\/uploads\/2025\/04\/blog-kapak-3-720x484.jpg"},{"@type":"BreadcrumbList","@id":"https:\/\/navee.com.tr\/blog\/#breadcrumb","itemListElement":[{"@type":"ListItem","position":1,"name":"Anasayfa","item":"https:\/\/navee.com.tr\/"},{"@type":"ListItem","position":2,"name":"Blog"}]},{"@type":"WebSite","@id":"https:\/\/navee.com.tr\/#website","url":"https:\/\/navee.com.tr\/","name":"Navee","description":"","potentialAction":[{"@type":"SearchAction","target":{"@type":"EntryPoint","urlTemplate":"https:\/\/navee.com.tr\/?s={search_term_string}"},"query-input":{"@type":"PropertyValueSpecification","valueRequired":true,"valueName":"search_term_string"}}],"inLanguage":"en-US"}]}},"_links":{"self":[{"href":"https:\/\/navee.com.tr\/en\/wp-json\/wp\/v2\/pages\/12587"}],"collection":[{"href":"https:\/\/navee.com.tr\/en\/wp-json\/wp\/v2\/pages"}],"about":[{"href":"https:\/\/navee.com.tr\/en\/wp-json\/wp\/v2\/types\/page"}],"author":[{"embeddable":true,"href":"https:\/\/navee.com.tr\/en\/wp-json\/wp\/v2\/users\/1"}],"replies":[{"embeddable":true,"href":"https:\/\/navee.com.tr\/en\/wp-json\/wp\/v2\/comments?post=12587"}],"version-history":[{"count":4,"href":"https:\/\/navee.com.tr\/en\/wp-json\/wp\/v2\/pages\/12587\/revisions"}],"predecessor-version":[{"id":12591,"href":"https:\/\/navee.com.tr\/en\/wp-json\/wp\/v2\/pages\/12587\/revisions\/12591"}],"wp:attachment":[{"href":"https:\/\/navee.com.tr\/en\/wp-json\/wp\/v2\/media?parent=12587"}],"curies":[{"name":"wp","href":"https:\/\/api.w.org\/{rel}","templated":true}]}}