{"id":12124,"date":"2025-04-08T07:11:02","date_gmt":"2025-04-08T07:11:02","guid":{"rendered":"https:\/\/navee.com.tr\/?post_type=product&#038;p=12124"},"modified":"2026-05-08T13:01:53","modified_gmt":"2026-05-08T13:01:53","slug":"navee-n65i-elektrikli-scooter","status":"publish","type":"product","link":"https:\/\/navee.com.tr\/en\/product\/navee-n65i-elektrikli-scooter\/","title":{"rendered":"NAVEE N65i Elektrikli Scooter Off Road Scooter"},"content":{"rendered":"<p><img fetchpriority=\"high\" decoding=\"async\" class=\"alignnone wp-image-13092 size-full\" src=\"https:\/\/navee.com.tr\/wp-content\/uploads\/2016\/04\/navee-v65i-gorsel.png\" alt=\"\" width=\"1920\" height=\"8690\" \/><\/p>\n\n    <div class=\"xs_social_share_widget xs_share_url after_content \t\tmain_content  wslu-style-1 wslu-share-box-shaped wslu-fill-colored wslu-none wslu-share-horizontal wslu-theme-font-no wslu-main_content\">\n\n\t\t\n        <ul>\n\t\t\t        <\/ul>\n    <\/div>","protected":false},"excerpt":{"rendered":"<ul>\n<li data-start=\"80\" data-end=\"148\">1000W maksimum motor g\u00fcc\u00fc ile g\u00fc\u00e7l\u00fc ivmelenme ve y\u00fcksek performans<\/li>\n<li class=\"\" data-start=\"149\" data-end=\"216\">\n<h5 data-start=\"151\" data-end=\"216\">65 km\u2019ye kadar menzil ile uzun \u015fehir i\u00e7i ve \u015fehir d\u0131\u015f\u0131 s\u00fcr\u00fc\u015fler<\/h5>\n<\/li>\n<li class=\"\" data-start=\"217\" data-end=\"288\">\n<h5 data-start=\"219\" data-end=\"288\">TerrainPlus sistemi sayesinde her zeminde konforlu ve dengeli s\u00fcr\u00fc\u015f<\/h5>\n<\/li>\n<li class=\"\" data-start=\"289\" data-end=\"351\">\n<h5 data-start=\"291\" data-end=\"351\">48V 12.5Ah batarya ile ak\u0131ll\u0131 enerji y\u00f6netimi ve uzun \u00f6m\u00fcr<\/h5>\n<\/li>\n<li class=\"\" data-start=\"352\" data-end=\"418\">\n<h5 data-start=\"354\" data-end=\"418\">3\u2019l\u00fc fren sistemi (E-ABS + disk + kampana) ile maksimum g\u00fcvenlik<\/h5>\n<\/li>\n<\/ul>","protected":false},"featured_media":18801,"comment_status":"closed","ping_status":"closed","template":"","meta":{"_acf_changed":false},"product_brand":[136],"product_cat":[137],"product_tag":[],"class_list":{"0":"post-12124","1":"product","2":"type-product","3":"status-publish","4":"has-post-thumbnail","6":"product_brand-navee","7":"product_cat-arazi-scooterlari","10":"first","11":"onbackorder","12":"sale","13":"featured","14":"taxable","15":"shipping-taxable","16":"purchasable","17":"product-type-simple"},"acf":[],"yoast_head":"<!-- This site is optimized with the Yoast SEO plugin v25.3 - https:\/\/yoast.com\/wordpress\/plugins\/seo\/ -->\n<title>NAVEE N65i Elektrikli Scooter Off Road Scooter - Navee<\/title>\n<meta name=\"robots\" content=\"index, follow, max-snippet:-1, max-image-preview:large, max-video-preview:-1\" \/>\n<link rel=\"canonical\" href=\"https:\/\/navee.com.tr\/en\/product\/navee-n65i-elektrikli-scooter\/\" \/>\n<meta property=\"og:locale\" content=\"en_US\" \/>\n<meta property=\"og:type\" content=\"article\" \/>\n<meta property=\"og:title\" content=\"NAVEE N65i Elektrikli Scooter Off Road Scooter - Navee\" \/>\n<meta property=\"og:description\" content=\"1000W maksimum motor g\u00fcc\u00fc ile g\u00fc\u00e7l\u00fc ivmelenme ve y\u00fcksek performans   65 km\u2019ye kadar menzil ile uzun \u015fehir i\u00e7i ve \u015fehir d\u0131\u015f\u0131 s\u00fcr\u00fc\u015fler    TerrainPlus sistemi sayesinde her zeminde konforlu ve dengeli s\u00fcr\u00fc\u015f    48V 12.5Ah batarya ile ak\u0131ll\u0131 enerji y\u00f6netimi ve uzun \u00f6m\u00fcr    3\u2019l\u00fc fren sistemi (E-ABS + disk + kampana) ile maksimum g\u00fcvenlik\" \/>\n<meta property=\"og:url\" content=\"https:\/\/navee.com.tr\/en\/product\/navee-n65i-elektrikli-scooter\/\" \/>\n<meta property=\"og:site_name\" content=\"Navee\" \/>\n<meta property=\"article:modified_time\" content=\"2026-05-08T13:01:53+00:00\" \/>\n<meta property=\"og:image\" content=\"https:\/\/navee.com.tr\/wp-content\/uploads\/2025\/04\/1-elektrikli-scooter-katlanir-scooter-navee-n65i-scooter-1.jpg\" \/>\n\t<meta property=\"og:image:width\" content=\"1600\" \/>\n\t<meta property=\"og:image:height\" content=\"1600\" \/>\n\t<meta property=\"og:image:type\" content=\"image\/jpeg\" \/>\n<meta name=\"twitter:card\" content=\"summary_large_image\" \/>\n<meta name=\"twitter:label1\" content=\"Est. reading time\" \/>\n\t<meta name=\"twitter:data1\" content=\"1 minute\" \/>\n<script type=\"application\/ld+json\" class=\"yoast-schema-graph\">{\"@context\":\"https:\/\/schema.org\",\"@graph\":[{\"@type\":\"WebPage\",\"@id\":\"https:\/\/navee.com.tr\/urun\/navee-n65i-elektrikli-scooter\/\",\"url\":\"https:\/\/navee.com.tr\/urun\/navee-n65i-elektrikli-scooter\/\",\"name\":\"NAVEE N65i Elektrikli Scooter Off Road Scooter - Navee\",\"isPartOf\":{\"@id\":\"https:\/\/navee.com.tr\/#website\"},\"primaryImageOfPage\":{\"@id\":\"https:\/\/navee.com.tr\/urun\/navee-n65i-elektrikli-scooter\/#primaryimage\"},\"image\":{\"@id\":\"https:\/\/navee.com.tr\/urun\/navee-n65i-elektrikli-scooter\/#primaryimage\"},\"thumbnailUrl\":\"https:\/\/navee.com.tr\/wp-content\/uploads\/2025\/04\/1-elektrikli-scooter-katlanir-scooter-navee-n65i-scooter-1.jpg\",\"datePublished\":\"2025-04-08T07:11:02+00:00\",\"dateModified\":\"2026-05-08T13:01:53+00:00\",\"breadcrumb\":{\"@id\":\"https:\/\/navee.com.tr\/urun\/navee-n65i-elektrikli-scooter\/#breadcrumb\"},\"inLanguage\":\"en-US\",\"potentialAction\":[{\"@type\":\"ReadAction\",\"target\":[\"https:\/\/navee.com.tr\/urun\/navee-n65i-elektrikli-scooter\/\"]}]},{\"@type\":\"ImageObject\",\"inLanguage\":\"en-US\",\"@id\":\"https:\/\/navee.com.tr\/urun\/navee-n65i-elektrikli-scooter\/#primaryimage\",\"url\":\"https:\/\/navee.com.tr\/wp-content\/uploads\/2025\/04\/1-elektrikli-scooter-katlanir-scooter-navee-n65i-scooter-1.jpg\",\"contentUrl\":\"https:\/\/navee.com.tr\/wp-content\/uploads\/2025\/04\/1-elektrikli-scooter-katlanir-scooter-navee-n65i-scooter-1.jpg\",\"width\":1600,\"height\":1600},{\"@type\":\"BreadcrumbList\",\"@id\":\"https:\/\/navee.com.tr\/urun\/navee-n65i-elektrikli-scooter\/#breadcrumb\",\"itemListElement\":[{\"@type\":\"ListItem\",\"position\":1,\"name\":\"Anasayfa\",\"item\":\"https:\/\/navee.com.tr\/\"},{\"@type\":\"ListItem\",\"position\":2,\"name\":\"\u00dcr\u00fcnler\",\"item\":\"https:\/\/navee.com.tr\/urunler\/\"},{\"@type\":\"ListItem\",\"position\":3,\"name\":\"NAVEE N65i Elektrikli Scooter Off Road Scooter\"}]},{\"@type\":\"WebSite\",\"@id\":\"https:\/\/navee.com.tr\/#website\",\"url\":\"https:\/\/navee.com.tr\/\",\"name\":\"Navee\",\"description\":\"\",\"potentialAction\":[{\"@type\":\"SearchAction\",\"target\":{\"@type\":\"EntryPoint\",\"urlTemplate\":\"https:\/\/navee.com.tr\/?s={search_term_string}\"},\"query-input\":{\"@type\":\"PropertyValueSpecification\",\"valueRequired\":true,\"valueName\":\"search_term_string\"}}],\"inLanguage\":\"en-US\"}]}<\/script>\n<!-- \/ Yoast SEO plugin. -->","yoast_head_json":{"title":"NAVEE N65i Elektrikli Scooter Off Road Scooter - Navee","robots":{"index":"index","follow":"follow","max-snippet":"max-snippet:-1","max-image-preview":"max-image-preview:large","max-video-preview":"max-video-preview:-1"},"canonical":"https:\/\/navee.com.tr\/en\/product\/navee-n65i-elektrikli-scooter\/","og_locale":"en_US","og_type":"article","og_title":"NAVEE N65i Elektrikli Scooter Off Road Scooter - Navee","og_description":"1000W maksimum motor g\u00fcc\u00fc ile g\u00fc\u00e7l\u00fc ivmelenme ve y\u00fcksek performans   65 km\u2019ye kadar menzil ile uzun \u015fehir i\u00e7i ve \u015fehir d\u0131\u015f\u0131 s\u00fcr\u00fc\u015fler    TerrainPlus sistemi sayesinde her zeminde konforlu ve dengeli s\u00fcr\u00fc\u015f    48V 12.5Ah batarya ile ak\u0131ll\u0131 enerji y\u00f6netimi ve uzun \u00f6m\u00fcr    3\u2019l\u00fc fren sistemi (E-ABS + disk + kampana) ile maksimum g\u00fcvenlik","og_url":"https:\/\/navee.com.tr\/en\/product\/navee-n65i-elektrikli-scooter\/","og_site_name":"Navee","article_modified_time":"2026-05-08T13:01:53+00:00","og_image":[{"width":1600,"height":1600,"url":"https:\/\/navee.com.tr\/wp-content\/uploads\/2025\/04\/1-elektrikli-scooter-katlanir-scooter-navee-n65i-scooter-1.jpg","type":"image\/jpeg"}],"twitter_card":"summary_large_image","twitter_misc":{"Est. reading time":"1 minute"},"schema":{"@context":"https:\/\/schema.org","@graph":[{"@type":"WebPage","@id":"https:\/\/navee.com.tr\/urun\/navee-n65i-elektrikli-scooter\/","url":"https:\/\/navee.com.tr\/urun\/navee-n65i-elektrikli-scooter\/","name":"NAVEE N65i Elektrikli Scooter Off Road Scooter - Navee","isPartOf":{"@id":"https:\/\/navee.com.tr\/#website"},"primaryImageOfPage":{"@id":"https:\/\/navee.com.tr\/urun\/navee-n65i-elektrikli-scooter\/#primaryimage"},"image":{"@id":"https:\/\/navee.com.tr\/urun\/navee-n65i-elektrikli-scooter\/#primaryimage"},"thumbnailUrl":"https:\/\/navee.com.tr\/wp-content\/uploads\/2025\/04\/1-elektrikli-scooter-katlanir-scooter-navee-n65i-scooter-1.jpg","datePublished":"2025-04-08T07:11:02+00:00","dateModified":"2026-05-08T13:01:53+00:00","breadcrumb":{"@id":"https:\/\/navee.com.tr\/urun\/navee-n65i-elektrikli-scooter\/#breadcrumb"},"inLanguage":"en-US","potentialAction":[{"@type":"ReadAction","target":["https:\/\/navee.com.tr\/urun\/navee-n65i-elektrikli-scooter\/"]}]},{"@type":"ImageObject","inLanguage":"en-US","@id":"https:\/\/navee.com.tr\/urun\/navee-n65i-elektrikli-scooter\/#primaryimage","url":"https:\/\/navee.com.tr\/wp-content\/uploads\/2025\/04\/1-elektrikli-scooter-katlanir-scooter-navee-n65i-scooter-1.jpg","contentUrl":"https:\/\/navee.com.tr\/wp-content\/uploads\/2025\/04\/1-elektrikli-scooter-katlanir-scooter-navee-n65i-scooter-1.jpg","width":1600,"height":1600},{"@type":"BreadcrumbList","@id":"https:\/\/navee.com.tr\/urun\/navee-n65i-elektrikli-scooter\/#breadcrumb","itemListElement":[{"@type":"ListItem","position":1,"name":"Anasayfa","item":"https:\/\/navee.com.tr\/"},{"@type":"ListItem","position":2,"name":"\u00dcr\u00fcnler","item":"https:\/\/navee.com.tr\/urunler\/"},{"@type":"ListItem","position":3,"name":"NAVEE N65i Elektrikli Scooter Off Road Scooter"}]},{"@type":"WebSite","@id":"https:\/\/navee.com.tr\/#website","url":"https:\/\/navee.com.tr\/","name":"Navee","description":"","potentialAction":[{"@type":"SearchAction","target":{"@type":"EntryPoint","urlTemplate":"https:\/\/navee.com.tr\/?s={search_term_string}"},"query-input":{"@type":"PropertyValueSpecification","valueRequired":true,"valueName":"search_term_string"}}],"inLanguage":"en-US"}]}},"_links":{"self":[{"href":"https:\/\/navee.com.tr\/en\/wp-json\/wp\/v2\/product\/12124"}],"collection":[{"href":"https:\/\/navee.com.tr\/en\/wp-json\/wp\/v2\/product"}],"about":[{"href":"https:\/\/navee.com.tr\/en\/wp-json\/wp\/v2\/types\/product"}],"replies":[{"embeddable":true,"href":"https:\/\/navee.com.tr\/en\/wp-json\/wp\/v2\/comments?post=12124"}],"version-history":[{"count":15,"href":"https:\/\/navee.com.tr\/en\/wp-json\/wp\/v2\/product\/12124\/revisions"}],"predecessor-version":[{"id":17182,"href":"https:\/\/navee.com.tr\/en\/wp-json\/wp\/v2\/product\/12124\/revisions\/17182"}],"wp:featuredmedia":[{"embeddable":true,"href":"https:\/\/navee.com.tr\/en\/wp-json\/wp\/v2\/media\/18801"}],"wp:attachment":[{"href":"https:\/\/navee.com.tr\/en\/wp-json\/wp\/v2\/media?parent=12124"}],"wp:term":[{"taxonomy":"product_brand","embeddable":true,"href":"https:\/\/navee.com.tr\/en\/wp-json\/wp\/v2\/product_brand?post=12124"},{"taxonomy":"product_cat","embeddable":true,"href":"https:\/\/navee.com.tr\/en\/wp-json\/wp\/v2\/product_cat?post=12124"},{"taxonomy":"product_tag","embeddable":true,"href":"https:\/\/navee.com.tr\/en\/wp-json\/wp\/v2\/product_tag?post=12124"}],"curies":[{"name":"wp","href":"https:\/\/api.w.org\/{rel}","templated":true}]}}