{"id":13142,"date":"2025-05-26T08:02:10","date_gmt":"2025-05-26T08:02:10","guid":{"rendered":"https:\/\/navee.com.tr\/?post_type=product&#038;p=13142"},"modified":"2026-03-04T13:38:20","modified_gmt":"2026-03-04T13:38:20","slug":"navee-v50ipro","status":"publish","type":"product","link":"https:\/\/navee.com.tr\/en\/product\/navee-v50ipro\/","title":{"rendered":"Navee V50i Pro Elektrikli Scooter"},"content":{"rendered":"<p><img fetchpriority=\"high\" decoding=\"async\" class=\"aligncenter wp-image-13242 size-full\" src=\"https:\/\/navee.com.tr\/wp-content\/uploads\/2025\/05\/v50i-aciklama.jpg\" alt=\"\" width=\"1920\" height=\"7431\" \/><\/p>\n\n    <div class=\"xs_social_share_widget xs_share_url after_content \t\tmain_content  wslu-style-1 wslu-share-box-shaped wslu-fill-colored wslu-none wslu-share-horizontal wslu-theme-font-no wslu-main_content\">\n\n\t\t\n        <ul>\n\t\t\t        <\/ul>\n    <\/div>","protected":false},"excerpt":{"rendered":"<ul>\n<li class=\"\" data-start=\"78\" data-end=\"148\">\n<h5 data-start=\"80\" data-end=\"148\">700W maksimum motor g\u00fcc\u00fc ve %18 e\u011fim performans\u0131 ile y\u00fcksek ivmelenme<\/h5>\n<\/li>\n<li class=\"\" data-start=\"149\" data-end=\"216\">\n<h5 data-start=\"151\" data-end=\"216\">50 km\u2019ye kadar menzil sunan otomotiv s\u0131n\u0131f\u0131 enerji geri kazan\u0131m sistemi<\/h5>\n<\/li>\n<li class=\"\" data-start=\"217\" data-end=\"288\">\n<h5 data-start=\"219\" data-end=\"288\">Otomatik sens\u00f6rl\u00fc far ve net g\u00f6r\u00fc\u015f sunan ekran ile gece s\u00fcr\u00fc\u015flerinde g\u00fcvenli deneyim<\/h5>\n<\/li>\n<li class=\"\" data-start=\"289\" data-end=\"351\">\n<h5 data-start=\"291\" data-end=\"351\">E-ABS ve disk fren destekli \u00e7ift fren sistemi ile dengeli ve emniyetli s\u00fcr\u00fc\u015f<\/h5>\n<\/li>\n<li class=\"\" data-start=\"352\" data-end=\"418\">\n<h5 data-start=\"354\" data-end=\"418\">Katlanabilir DoubleFlip tasar\u0131m\u0131 sayesinde %66\u2019ya varan hacim tasarrufu ve kolay ta\u015f\u0131ma<\/h5>\n<\/li>\n<\/ul>","protected":false},"featured_media":13734,"comment_status":"open","ping_status":"closed","template":"","meta":{"_acf_changed":false},"product_brand":[136],"product_cat":[157],"product_tag":[],"class_list":{"0":"post-13142","1":"product","2":"type-product","3":"status-publish","4":"has-post-thumbnail","6":"product_brand-navee","7":"product_cat-scooterlar","10":"first","11":"outofstock","12":"sale","13":"taxable","14":"shipping-taxable","15":"purchasable","16":"product-type-simple"},"acf":[],"yoast_head":"<!-- This site is optimized with the Yoast SEO plugin v25.3 - https:\/\/yoast.com\/wordpress\/plugins\/seo\/ -->\n<title>Navee V50i Pro Elektrikli Scooter - Navee<\/title>\n<meta name=\"robots\" content=\"index, follow, max-snippet:-1, max-image-preview:large, max-video-preview:-1\" \/>\n<link rel=\"canonical\" href=\"https:\/\/navee.com.tr\/en\/product\/navee-v50ipro\/\" \/>\n<meta property=\"og:locale\" content=\"en_US\" \/>\n<meta property=\"og:type\" content=\"article\" \/>\n<meta property=\"og:title\" content=\"Navee V50i Pro Elektrikli Scooter - Navee\" \/>\n<meta property=\"og:description\" content=\"700W maksimum motor g\u00fcc\u00fc ve %18 e\u011fim performans\u0131 ile y\u00fcksek ivmelenme    50 km\u2019ye kadar menzil sunan otomotiv s\u0131n\u0131f\u0131 enerji geri kazan\u0131m sistemi    Otomatik sens\u00f6rl\u00fc far ve net g\u00f6r\u00fc\u015f sunan ekran ile gece s\u00fcr\u00fc\u015flerinde g\u00fcvenli deneyim    E-ABS ve disk fren destekli \u00e7ift fren sistemi ile dengeli ve emniyetli s\u00fcr\u00fc\u015f    Katlanabilir DoubleFlip tasar\u0131m\u0131 sayesinde %66\u2019ya varan hacim tasarrufu ve kolay ta\u015f\u0131ma\" \/>\n<meta property=\"og:url\" content=\"https:\/\/navee.com.tr\/en\/product\/navee-v50ipro\/\" \/>\n<meta property=\"og:site_name\" content=\"Navee\" \/>\n<meta property=\"article:modified_time\" content=\"2026-03-04T13:38:20+00:00\" \/>\n<meta property=\"og:image\" content=\"https:\/\/navee.com.tr\/wp-content\/uploads\/2025\/05\/1-v50i-katlanir-elektrikli-scooter-katlanabilir-scooter-katlanir-scooter.jpg\" \/>\n\t<meta property=\"og:image:width\" content=\"1000\" \/>\n\t<meta property=\"og:image:height\" content=\"1000\" \/>\n\t<meta property=\"og:image:type\" content=\"image\/jpeg\" \/>\n<meta name=\"twitter:card\" content=\"summary_large_image\" \/>\n<meta name=\"twitter:label1\" content=\"Est. reading time\" \/>\n\t<meta name=\"twitter:data1\" content=\"1 minute\" \/>\n<script type=\"application\/ld+json\" class=\"yoast-schema-graph\">{\"@context\":\"https:\/\/schema.org\",\"@graph\":[{\"@type\":\"WebPage\",\"@id\":\"https:\/\/navee.com.tr\/urun\/navee-v50ipro\/\",\"url\":\"https:\/\/navee.com.tr\/urun\/navee-v50ipro\/\",\"name\":\"Navee V50i Pro Elektrikli Scooter - Navee\",\"isPartOf\":{\"@id\":\"https:\/\/navee.com.tr\/#website\"},\"primaryImageOfPage\":{\"@id\":\"https:\/\/navee.com.tr\/urun\/navee-v50ipro\/#primaryimage\"},\"image\":{\"@id\":\"https:\/\/navee.com.tr\/urun\/navee-v50ipro\/#primaryimage\"},\"thumbnailUrl\":\"https:\/\/navee.com.tr\/wp-content\/uploads\/2025\/05\/1-v50i-katlanir-elektrikli-scooter-katlanabilir-scooter-katlanir-scooter.jpg\",\"datePublished\":\"2025-05-26T08:02:10+00:00\",\"dateModified\":\"2026-03-04T13:38:20+00:00\",\"breadcrumb\":{\"@id\":\"https:\/\/navee.com.tr\/urun\/navee-v50ipro\/#breadcrumb\"},\"inLanguage\":\"en-US\",\"potentialAction\":[{\"@type\":\"ReadAction\",\"target\":[\"https:\/\/navee.com.tr\/urun\/navee-v50ipro\/\"]}]},{\"@type\":\"ImageObject\",\"inLanguage\":\"en-US\",\"@id\":\"https:\/\/navee.com.tr\/urun\/navee-v50ipro\/#primaryimage\",\"url\":\"https:\/\/navee.com.tr\/wp-content\/uploads\/2025\/05\/1-v50i-katlanir-elektrikli-scooter-katlanabilir-scooter-katlanir-scooter.jpg\",\"contentUrl\":\"https:\/\/navee.com.tr\/wp-content\/uploads\/2025\/05\/1-v50i-katlanir-elektrikli-scooter-katlanabilir-scooter-katlanir-scooter.jpg\",\"width\":1000,\"height\":1000},{\"@type\":\"BreadcrumbList\",\"@id\":\"https:\/\/navee.com.tr\/urun\/navee-v50ipro\/#breadcrumb\",\"itemListElement\":[{\"@type\":\"ListItem\",\"position\":1,\"name\":\"Anasayfa\",\"item\":\"https:\/\/navee.com.tr\/\"},{\"@type\":\"ListItem\",\"position\":2,\"name\":\"\u00dcr\u00fcnler\",\"item\":\"https:\/\/navee.com.tr\/urunler\/\"},{\"@type\":\"ListItem\",\"position\":3,\"name\":\"Navee V50i Pro Elektrikli Scooter\"}]},{\"@type\":\"WebSite\",\"@id\":\"https:\/\/navee.com.tr\/#website\",\"url\":\"https:\/\/navee.com.tr\/\",\"name\":\"Navee\",\"description\":\"\",\"potentialAction\":[{\"@type\":\"SearchAction\",\"target\":{\"@type\":\"EntryPoint\",\"urlTemplate\":\"https:\/\/navee.com.tr\/?s={search_term_string}\"},\"query-input\":{\"@type\":\"PropertyValueSpecification\",\"valueRequired\":true,\"valueName\":\"search_term_string\"}}],\"inLanguage\":\"en-US\"}]}<\/script>\n<!-- \/ Yoast SEO plugin. -->","yoast_head_json":{"title":"Navee V50i Pro Elektrikli Scooter - Navee","robots":{"index":"index","follow":"follow","max-snippet":"max-snippet:-1","max-image-preview":"max-image-preview:large","max-video-preview":"max-video-preview:-1"},"canonical":"https:\/\/navee.com.tr\/en\/product\/navee-v50ipro\/","og_locale":"en_US","og_type":"article","og_title":"Navee V50i Pro Elektrikli Scooter - Navee","og_description":"700W maksimum motor g\u00fcc\u00fc ve %18 e\u011fim performans\u0131 ile y\u00fcksek ivmelenme    50 km\u2019ye kadar menzil sunan otomotiv s\u0131n\u0131f\u0131 enerji geri kazan\u0131m sistemi    Otomatik sens\u00f6rl\u00fc far ve net g\u00f6r\u00fc\u015f sunan ekran ile gece s\u00fcr\u00fc\u015flerinde g\u00fcvenli deneyim    E-ABS ve disk fren destekli \u00e7ift fren sistemi ile dengeli ve emniyetli s\u00fcr\u00fc\u015f    Katlanabilir DoubleFlip tasar\u0131m\u0131 sayesinde %66\u2019ya varan hacim tasarrufu ve kolay ta\u015f\u0131ma","og_url":"https:\/\/navee.com.tr\/en\/product\/navee-v50ipro\/","og_site_name":"Navee","article_modified_time":"2026-03-04T13:38:20+00:00","og_image":[{"width":1000,"height":1000,"url":"https:\/\/navee.com.tr\/wp-content\/uploads\/2025\/05\/1-v50i-katlanir-elektrikli-scooter-katlanabilir-scooter-katlanir-scooter.jpg","type":"image\/jpeg"}],"twitter_card":"summary_large_image","twitter_misc":{"Est. reading time":"1 minute"},"schema":{"@context":"https:\/\/schema.org","@graph":[{"@type":"WebPage","@id":"https:\/\/navee.com.tr\/urun\/navee-v50ipro\/","url":"https:\/\/navee.com.tr\/urun\/navee-v50ipro\/","name":"Navee V50i Pro Elektrikli Scooter - Navee","isPartOf":{"@id":"https:\/\/navee.com.tr\/#website"},"primaryImageOfPage":{"@id":"https:\/\/navee.com.tr\/urun\/navee-v50ipro\/#primaryimage"},"image":{"@id":"https:\/\/navee.com.tr\/urun\/navee-v50ipro\/#primaryimage"},"thumbnailUrl":"https:\/\/navee.com.tr\/wp-content\/uploads\/2025\/05\/1-v50i-katlanir-elektrikli-scooter-katlanabilir-scooter-katlanir-scooter.jpg","datePublished":"2025-05-26T08:02:10+00:00","dateModified":"2026-03-04T13:38:20+00:00","breadcrumb":{"@id":"https:\/\/navee.com.tr\/urun\/navee-v50ipro\/#breadcrumb"},"inLanguage":"en-US","potentialAction":[{"@type":"ReadAction","target":["https:\/\/navee.com.tr\/urun\/navee-v50ipro\/"]}]},{"@type":"ImageObject","inLanguage":"en-US","@id":"https:\/\/navee.com.tr\/urun\/navee-v50ipro\/#primaryimage","url":"https:\/\/navee.com.tr\/wp-content\/uploads\/2025\/05\/1-v50i-katlanir-elektrikli-scooter-katlanabilir-scooter-katlanir-scooter.jpg","contentUrl":"https:\/\/navee.com.tr\/wp-content\/uploads\/2025\/05\/1-v50i-katlanir-elektrikli-scooter-katlanabilir-scooter-katlanir-scooter.jpg","width":1000,"height":1000},{"@type":"BreadcrumbList","@id":"https:\/\/navee.com.tr\/urun\/navee-v50ipro\/#breadcrumb","itemListElement":[{"@type":"ListItem","position":1,"name":"Anasayfa","item":"https:\/\/navee.com.tr\/"},{"@type":"ListItem","position":2,"name":"\u00dcr\u00fcnler","item":"https:\/\/navee.com.tr\/urunler\/"},{"@type":"ListItem","position":3,"name":"Navee V50i Pro Elektrikli Scooter"}]},{"@type":"WebSite","@id":"https:\/\/navee.com.tr\/#website","url":"https:\/\/navee.com.tr\/","name":"Navee","description":"","potentialAction":[{"@type":"SearchAction","target":{"@type":"EntryPoint","urlTemplate":"https:\/\/navee.com.tr\/?s={search_term_string}"},"query-input":{"@type":"PropertyValueSpecification","valueRequired":true,"valueName":"search_term_string"}}],"inLanguage":"en-US"}]}},"_links":{"self":[{"href":"https:\/\/navee.com.tr\/en\/wp-json\/wp\/v2\/product\/13142"}],"collection":[{"href":"https:\/\/navee.com.tr\/en\/wp-json\/wp\/v2\/product"}],"about":[{"href":"https:\/\/navee.com.tr\/en\/wp-json\/wp\/v2\/types\/product"}],"replies":[{"embeddable":true,"href":"https:\/\/navee.com.tr\/en\/wp-json\/wp\/v2\/comments?post=13142"}],"version-history":[{"count":7,"href":"https:\/\/navee.com.tr\/en\/wp-json\/wp\/v2\/product\/13142\/revisions"}],"predecessor-version":[{"id":13303,"href":"https:\/\/navee.com.tr\/en\/wp-json\/wp\/v2\/product\/13142\/revisions\/13303"}],"wp:featuredmedia":[{"embeddable":true,"href":"https:\/\/navee.com.tr\/en\/wp-json\/wp\/v2\/media\/13734"}],"wp:attachment":[{"href":"https:\/\/navee.com.tr\/en\/wp-json\/wp\/v2\/media?parent=13142"}],"wp:term":[{"taxonomy":"product_brand","embeddable":true,"href":"https:\/\/navee.com.tr\/en\/wp-json\/wp\/v2\/product_brand?post=13142"},{"taxonomy":"product_cat","embeddable":true,"href":"https:\/\/navee.com.tr\/en\/wp-json\/wp\/v2\/product_cat?post=13142"},{"taxonomy":"product_tag","embeddable":true,"href":"https:\/\/navee.com.tr\/en\/wp-json\/wp\/v2\/product_tag?post=13142"}],"curies":[{"name":"wp","href":"https:\/\/api.w.org\/{rel}","templated":true}]}}