{"id":13185,"date":"2025-05-26T09:05:43","date_gmt":"2025-05-26T09:05:43","guid":{"rendered":"https:\/\/navee.com.tr\/?post_type=product&#038;p=13185"},"modified":"2026-04-17T08:12:32","modified_gmt":"2026-04-17T08:12:32","slug":"navee-gt3-max-elektrikli-scooter","status":"publish","type":"product","link":"https:\/\/navee.com.tr\/en\/product\/navee-gt3-max-elektrikli-scooter\/","title":{"rendered":"Navee GT3 Max Elektrikli Scooter"},"content":{"rendered":"<p><img fetchpriority=\"high\" decoding=\"async\" class=\"aligncenter wp-image-13240 size-full\" src=\"https:\/\/navee.com.tr\/wp-content\/uploads\/2025\/05\/gt3-max-aciklama.jpg\" alt=\"\" width=\"1920\" height=\"21034\" \/><\/p>\n\n    <div class=\"xs_social_share_widget xs_share_url after_content \t\tmain_content  wslu-style-1 wslu-share-box-shaped wslu-fill-colored wslu-none wslu-share-horizontal wslu-theme-font-no wslu-main_content\">\n\n\t\t\n        <ul>\n\t\t\t        <\/ul>\n    <\/div>","protected":false},"excerpt":{"rendered":"<ul>\n<li data-start=\"80\" data-end=\"148\">1000W maksimum motor g\u00fcc\u00fc ve %22 t\u0131rmanma kapasitesi ile y\u00fcksek performansl\u0131 s\u00fcr\u00fc\u015f<\/li>\n<li class=\"\" data-start=\"149\" data-end=\"216\">\n<h5 data-start=\"151\" data-end=\"216\">75 km\u2019ye kadar menzil sunan 48V 12.75Ah batarya ile uzun yol kapasitesi<\/h5>\n<\/li>\n<li class=\"\" data-start=\"217\" data-end=\"288\">\n<h5 data-start=\"219\" data-end=\"288\">\u00d6zel tasar\u0131ml\u0131 s\u00fcspansiyon ile her zeminde konforlu ve dengeli s\u00fcr\u00fc\u015f<\/h5>\n<\/li>\n<li class=\"\" data-start=\"352\" data-end=\"418\">\n<h5 data-start=\"354\" data-end=\"418\">Geni\u015f tabanl\u0131 \u015fasi, 10 in\u00e7 patlamaz lastikler ve IPX5 su ge\u00e7irmezlik seviyesiyle \u015fehir i\u00e7i ve d\u0131\u015f\u0131 zorlu ko\u015fullara tam uyum<\/h5>\n<\/li>\n<\/ul>","protected":false},"featured_media":13769,"comment_status":"open","ping_status":"closed","template":"","meta":{"_acf_changed":false},"product_brand":[136],"product_cat":[161,158],"product_tag":[],"class_list":{"0":"post-13185","1":"product","2":"type-product","3":"status-publish","4":"has-post-thumbnail","6":"product_brand-navee","7":"product_cat-kampanya","8":"product_cat-performans-scooterlari","11":"first","12":"instock","13":"sale","14":"featured","15":"taxable","16":"shipping-taxable","17":"purchasable","18":"product-type-simple"},"acf":[],"yoast_head":"<!-- This site is optimized with the Yoast SEO plugin v25.3 - https:\/\/yoast.com\/wordpress\/plugins\/seo\/ -->\n<title>Navee GT3 Max Elektrikli Scooter - Navee<\/title>\n<meta name=\"robots\" content=\"index, follow, max-snippet:-1, max-image-preview:large, max-video-preview:-1\" \/>\n<link rel=\"canonical\" href=\"https:\/\/navee.com.tr\/en\/product\/navee-gt3-max-elektrikli-scooter\/\" \/>\n<meta property=\"og:locale\" content=\"en_US\" \/>\n<meta property=\"og:type\" content=\"article\" \/>\n<meta property=\"og:title\" content=\"Navee GT3 Max Elektrikli Scooter - Navee\" \/>\n<meta property=\"og:description\" content=\"1000W maksimum motor g\u00fcc\u00fc ve %22 t\u0131rmanma kapasitesi ile y\u00fcksek performansl\u0131 s\u00fcr\u00fc\u015f   75 km\u2019ye kadar menzil sunan 48V 12.75Ah batarya ile uzun yol kapasitesi    \u00d6zel tasar\u0131ml\u0131 s\u00fcspansiyon ile her zeminde konforlu ve dengeli s\u00fcr\u00fc\u015f    Geni\u015f tabanl\u0131 \u015fasi, 10 in\u00e7 patlamaz lastikler ve IPX5 su ge\u00e7irmezlik seviyesiyle \u015fehir i\u00e7i ve d\u0131\u015f\u0131 zorlu ko\u015fullara tam uyum\" \/>\n<meta property=\"og:url\" content=\"https:\/\/navee.com.tr\/en\/product\/navee-gt3-max-elektrikli-scooter\/\" \/>\n<meta property=\"og:site_name\" content=\"Navee\" \/>\n<meta property=\"article:modified_time\" content=\"2026-04-17T08:12:32+00:00\" \/>\n<meta property=\"og:image\" content=\"https:\/\/navee.com.tr\/wp-content\/uploads\/2025\/05\/gt3-max-elektrikli-scooter-1son.jpg\" \/>\n\t<meta property=\"og:image:width\" content=\"500\" \/>\n\t<meta property=\"og:image:height\" content=\"500\" \/>\n\t<meta property=\"og:image:type\" content=\"image\/jpeg\" \/>\n<meta name=\"twitter:card\" content=\"summary_large_image\" \/>\n<meta name=\"twitter:label1\" content=\"Est. reading time\" \/>\n\t<meta name=\"twitter:data1\" content=\"1 minute\" \/>\n<script type=\"application\/ld+json\" class=\"yoast-schema-graph\">{\"@context\":\"https:\/\/schema.org\",\"@graph\":[{\"@type\":\"WebPage\",\"@id\":\"https:\/\/navee.com.tr\/urun\/navee-gt3-max-elektrikli-scooter\/\",\"url\":\"https:\/\/navee.com.tr\/urun\/navee-gt3-max-elektrikli-scooter\/\",\"name\":\"Navee GT3 Max Elektrikli Scooter - Navee\",\"isPartOf\":{\"@id\":\"https:\/\/navee.com.tr\/#website\"},\"primaryImageOfPage\":{\"@id\":\"https:\/\/navee.com.tr\/urun\/navee-gt3-max-elektrikli-scooter\/#primaryimage\"},\"image\":{\"@id\":\"https:\/\/navee.com.tr\/urun\/navee-gt3-max-elektrikli-scooter\/#primaryimage\"},\"thumbnailUrl\":\"https:\/\/navee.com.tr\/wp-content\/uploads\/2025\/05\/gt3-max-elektrikli-scooter-1son.jpg\",\"datePublished\":\"2025-05-26T09:05:43+00:00\",\"dateModified\":\"2026-04-17T08:12:32+00:00\",\"breadcrumb\":{\"@id\":\"https:\/\/navee.com.tr\/urun\/navee-gt3-max-elektrikli-scooter\/#breadcrumb\"},\"inLanguage\":\"en-US\",\"potentialAction\":[{\"@type\":\"ReadAction\",\"target\":[\"https:\/\/navee.com.tr\/urun\/navee-gt3-max-elektrikli-scooter\/\"]}]},{\"@type\":\"ImageObject\",\"inLanguage\":\"en-US\",\"@id\":\"https:\/\/navee.com.tr\/urun\/navee-gt3-max-elektrikli-scooter\/#primaryimage\",\"url\":\"https:\/\/navee.com.tr\/wp-content\/uploads\/2025\/05\/gt3-max-elektrikli-scooter-1son.jpg\",\"contentUrl\":\"https:\/\/navee.com.tr\/wp-content\/uploads\/2025\/05\/gt3-max-elektrikli-scooter-1son.jpg\",\"width\":500,\"height\":500},{\"@type\":\"BreadcrumbList\",\"@id\":\"https:\/\/navee.com.tr\/urun\/navee-gt3-max-elektrikli-scooter\/#breadcrumb\",\"itemListElement\":[{\"@type\":\"ListItem\",\"position\":1,\"name\":\"Anasayfa\",\"item\":\"https:\/\/navee.com.tr\/\"},{\"@type\":\"ListItem\",\"position\":2,\"name\":\"\u00dcr\u00fcnler\",\"item\":\"https:\/\/navee.com.tr\/urunler\/\"},{\"@type\":\"ListItem\",\"position\":3,\"name\":\"Navee GT3 Max Elektrikli Scooter\"}]},{\"@type\":\"WebSite\",\"@id\":\"https:\/\/navee.com.tr\/#website\",\"url\":\"https:\/\/navee.com.tr\/\",\"name\":\"Navee\",\"description\":\"\",\"potentialAction\":[{\"@type\":\"SearchAction\",\"target\":{\"@type\":\"EntryPoint\",\"urlTemplate\":\"https:\/\/navee.com.tr\/?s={search_term_string}\"},\"query-input\":{\"@type\":\"PropertyValueSpecification\",\"valueRequired\":true,\"valueName\":\"search_term_string\"}}],\"inLanguage\":\"en-US\"}]}<\/script>\n<!-- \/ Yoast SEO plugin. -->","yoast_head_json":{"title":"Navee GT3 Max Elektrikli Scooter - Navee","robots":{"index":"index","follow":"follow","max-snippet":"max-snippet:-1","max-image-preview":"max-image-preview:large","max-video-preview":"max-video-preview:-1"},"canonical":"https:\/\/navee.com.tr\/en\/product\/navee-gt3-max-elektrikli-scooter\/","og_locale":"en_US","og_type":"article","og_title":"Navee GT3 Max Elektrikli Scooter - Navee","og_description":"1000W maksimum motor g\u00fcc\u00fc ve %22 t\u0131rmanma kapasitesi ile y\u00fcksek performansl\u0131 s\u00fcr\u00fc\u015f   75 km\u2019ye kadar menzil sunan 48V 12.75Ah batarya ile uzun yol kapasitesi    \u00d6zel tasar\u0131ml\u0131 s\u00fcspansiyon ile her zeminde konforlu ve dengeli s\u00fcr\u00fc\u015f    Geni\u015f tabanl\u0131 \u015fasi, 10 in\u00e7 patlamaz lastikler ve IPX5 su ge\u00e7irmezlik seviyesiyle \u015fehir i\u00e7i ve d\u0131\u015f\u0131 zorlu ko\u015fullara tam uyum","og_url":"https:\/\/navee.com.tr\/en\/product\/navee-gt3-max-elektrikli-scooter\/","og_site_name":"Navee","article_modified_time":"2026-04-17T08:12:32+00:00","og_image":[{"width":500,"height":500,"url":"https:\/\/navee.com.tr\/wp-content\/uploads\/2025\/05\/gt3-max-elektrikli-scooter-1son.jpg","type":"image\/jpeg"}],"twitter_card":"summary_large_image","twitter_misc":{"Est. reading time":"1 minute"},"schema":{"@context":"https:\/\/schema.org","@graph":[{"@type":"WebPage","@id":"https:\/\/navee.com.tr\/urun\/navee-gt3-max-elektrikli-scooter\/","url":"https:\/\/navee.com.tr\/urun\/navee-gt3-max-elektrikli-scooter\/","name":"Navee GT3 Max Elektrikli Scooter - Navee","isPartOf":{"@id":"https:\/\/navee.com.tr\/#website"},"primaryImageOfPage":{"@id":"https:\/\/navee.com.tr\/urun\/navee-gt3-max-elektrikli-scooter\/#primaryimage"},"image":{"@id":"https:\/\/navee.com.tr\/urun\/navee-gt3-max-elektrikli-scooter\/#primaryimage"},"thumbnailUrl":"https:\/\/navee.com.tr\/wp-content\/uploads\/2025\/05\/gt3-max-elektrikli-scooter-1son.jpg","datePublished":"2025-05-26T09:05:43+00:00","dateModified":"2026-04-17T08:12:32+00:00","breadcrumb":{"@id":"https:\/\/navee.com.tr\/urun\/navee-gt3-max-elektrikli-scooter\/#breadcrumb"},"inLanguage":"en-US","potentialAction":[{"@type":"ReadAction","target":["https:\/\/navee.com.tr\/urun\/navee-gt3-max-elektrikli-scooter\/"]}]},{"@type":"ImageObject","inLanguage":"en-US","@id":"https:\/\/navee.com.tr\/urun\/navee-gt3-max-elektrikli-scooter\/#primaryimage","url":"https:\/\/navee.com.tr\/wp-content\/uploads\/2025\/05\/gt3-max-elektrikli-scooter-1son.jpg","contentUrl":"https:\/\/navee.com.tr\/wp-content\/uploads\/2025\/05\/gt3-max-elektrikli-scooter-1son.jpg","width":500,"height":500},{"@type":"BreadcrumbList","@id":"https:\/\/navee.com.tr\/urun\/navee-gt3-max-elektrikli-scooter\/#breadcrumb","itemListElement":[{"@type":"ListItem","position":1,"name":"Anasayfa","item":"https:\/\/navee.com.tr\/"},{"@type":"ListItem","position":2,"name":"\u00dcr\u00fcnler","item":"https:\/\/navee.com.tr\/urunler\/"},{"@type":"ListItem","position":3,"name":"Navee GT3 Max Elektrikli Scooter"}]},{"@type":"WebSite","@id":"https:\/\/navee.com.tr\/#website","url":"https:\/\/navee.com.tr\/","name":"Navee","description":"","potentialAction":[{"@type":"SearchAction","target":{"@type":"EntryPoint","urlTemplate":"https:\/\/navee.com.tr\/?s={search_term_string}"},"query-input":{"@type":"PropertyValueSpecification","valueRequired":true,"valueName":"search_term_string"}}],"inLanguage":"en-US"}]}},"_links":{"self":[{"href":"https:\/\/navee.com.tr\/en\/wp-json\/wp\/v2\/product\/13185"}],"collection":[{"href":"https:\/\/navee.com.tr\/en\/wp-json\/wp\/v2\/product"}],"about":[{"href":"https:\/\/navee.com.tr\/en\/wp-json\/wp\/v2\/types\/product"}],"replies":[{"embeddable":true,"href":"https:\/\/navee.com.tr\/en\/wp-json\/wp\/v2\/comments?post=13185"}],"version-history":[{"count":9,"href":"https:\/\/navee.com.tr\/en\/wp-json\/wp\/v2\/product\/13185\/revisions"}],"predecessor-version":[{"id":13192,"href":"https:\/\/navee.com.tr\/en\/wp-json\/wp\/v2\/product\/13185\/revisions\/13192"}],"wp:featuredmedia":[{"embeddable":true,"href":"https:\/\/navee.com.tr\/en\/wp-json\/wp\/v2\/media\/13769"}],"wp:attachment":[{"href":"https:\/\/navee.com.tr\/en\/wp-json\/wp\/v2\/media?parent=13185"}],"wp:term":[{"taxonomy":"product_brand","embeddable":true,"href":"https:\/\/navee.com.tr\/en\/wp-json\/wp\/v2\/product_brand?post=13185"},{"taxonomy":"product_cat","embeddable":true,"href":"https:\/\/navee.com.tr\/en\/wp-json\/wp\/v2\/product_cat?post=13185"},{"taxonomy":"product_tag","embeddable":true,"href":"https:\/\/navee.com.tr\/en\/wp-json\/wp\/v2\/product_tag?post=13185"}],"curies":[{"name":"wp","href":"https:\/\/api.w.org\/{rel}","templated":true}]}}