{"id":13208,"date":"2025-05-27T06:32:48","date_gmt":"2025-05-27T06:32:48","guid":{"rendered":"https:\/\/navee.com.tr\/?post_type=product&#038;p=13208"},"modified":"2026-04-16T09:20:54","modified_gmt":"2026-04-16T09:20:54","slug":"navee-st3-pro-elektrikli-scooter","status":"publish","type":"product","link":"https:\/\/navee.com.tr\/en\/product\/navee-st3-pro-elektrikli-scooter\/","title":{"rendered":"Navee ST3 Pro Elektrikli Scooter"},"content":{"rendered":"<p><img fetchpriority=\"high\" decoding=\"async\" class=\"aligncenter wp-image-13233 size-full\" src=\"https:\/\/navee.com.tr\/wp-content\/uploads\/2025\/05\/st3-pro-aciklama-1.jpg\" alt=\"\" width=\"1080\" height=\"18287\" \/><\/p>\n\n    <div class=\"xs_social_share_widget xs_share_url after_content \t\tmain_content  wslu-style-1 wslu-share-box-shaped wslu-fill-colored wslu-none wslu-share-horizontal wslu-theme-font-no wslu-main_content\">\n\n\t\t\n        <ul>\n\t\t\t        <\/ul>\n    <\/div>","protected":false},"excerpt":{"rendered":"<h4><\/h4>\n<ul>\n<li class=\"\" data-start=\"78\" data-end=\"148\">\n<h5 data-start=\"80\" data-end=\"148\">1350W maksimum motor g\u00fcc\u00fc ve %28 t\u0131rmanma kapasitesi ile y\u00fcksek performansl\u0131 s\u00fcr\u00fc\u015f<\/h5>\n<\/li>\n<li class=\"\" data-start=\"149\" data-end=\"216\">\n<h5 data-start=\"151\" data-end=\"216\">75 km\u2019ye kadar menzil sunan 48V 12.75Ah batarya ile uzun yol kapasitesi<\/h5>\n<\/li>\n<li class=\"\" data-start=\"217\" data-end=\"288\">\n<h5 data-start=\"219\" data-end=\"288\">\u00c7ift s\u00fcspansiyon (\u00f6n yayl\u0131 + arka hidrolik) ile her zeminde konforlu ve dengeli s\u00fcr\u00fc\u015f<\/h5>\n<\/li>\n<li class=\"\" data-start=\"289\" data-end=\"351\">\n<h5 data-start=\"291\" data-end=\"351\">G\u00fcvenilir fren sistemiyle yolda g\u00fcven verir.<\/h5>\n<\/li>\n<li class=\"\" data-start=\"352\" data-end=\"418\">\n<h5 data-start=\"354\" data-end=\"418\">Geni\u015f tabanl\u0131 \u015fasi, 10 in\u00e7 patlamaz lastikler ve IPX5 su ge\u00e7irmezlik seviyesiyle \u015fehir i\u00e7i ve d\u0131\u015f\u0131 zorlu ko\u015fullara tam uyum<\/h5>\n<\/li>\n<\/ul>","protected":false},"featured_media":13755,"comment_status":"open","ping_status":"closed","template":"","meta":{"_acf_changed":false},"product_brand":[136],"product_cat":[161,158],"product_tag":[],"class_list":{"0":"post-13208","1":"product","2":"type-product","3":"status-publish","4":"has-post-thumbnail","6":"product_brand-navee","7":"product_cat-kampanya","8":"product_cat-performans-scooterlari","11":"first","12":"instock","13":"sale","14":"featured","15":"taxable","16":"shipping-taxable","17":"purchasable","18":"product-type-simple"},"acf":[],"yoast_head":"<!-- This site is optimized with the Yoast SEO plugin v25.3 - https:\/\/yoast.com\/wordpress\/plugins\/seo\/ -->\n<title>Navee ST3 Pro Elektrikli Scooter - Navee<\/title>\n<meta name=\"robots\" content=\"index, follow, max-snippet:-1, max-image-preview:large, max-video-preview:-1\" \/>\n<link rel=\"canonical\" href=\"https:\/\/navee.com.tr\/en\/product\/navee-st3-pro-elektrikli-scooter\/\" \/>\n<meta property=\"og:locale\" content=\"en_US\" \/>\n<meta property=\"og:type\" content=\"article\" \/>\n<meta property=\"og:title\" content=\"Navee ST3 Pro Elektrikli Scooter - Navee\" \/>\n<meta property=\"og:description\" content=\"1350W maksimum motor g\u00fcc\u00fc ve %28 t\u0131rmanma kapasitesi ile y\u00fcksek performansl\u0131 s\u00fcr\u00fc\u015f    75 km\u2019ye kadar menzil sunan 48V 12.75Ah batarya ile uzun yol kapasitesi    \u00c7ift s\u00fcspansiyon (\u00f6n yayl\u0131 + arka hidrolik) ile her zeminde konforlu ve dengeli s\u00fcr\u00fc\u015f    G\u00fcvenilir fren sistemiyle yolda g\u00fcven verir.    Geni\u015f tabanl\u0131 \u015fasi, 10 in\u00e7 patlamaz lastikler ve IPX5 su ge\u00e7irmezlik seviyesiyle \u015fehir i\u00e7i ve d\u0131\u015f\u0131 zorlu ko\u015fullara tam uyum\" \/>\n<meta property=\"og:url\" content=\"https:\/\/navee.com.tr\/en\/product\/navee-st3-pro-elektrikli-scooter\/\" \/>\n<meta property=\"og:site_name\" content=\"Navee\" \/>\n<meta property=\"article:modified_time\" content=\"2026-04-16T09:20:54+00:00\" \/>\n<meta property=\"og:image\" content=\"https:\/\/navee.com.tr\/wp-content\/uploads\/2025\/05\/st3pro-elektrikli-scooter-11.jpg\" \/>\n\t<meta property=\"og:image:width\" content=\"500\" \/>\n\t<meta property=\"og:image:height\" content=\"500\" \/>\n\t<meta property=\"og:image:type\" content=\"image\/jpeg\" \/>\n<meta name=\"twitter:card\" content=\"summary_large_image\" \/>\n<meta name=\"twitter:label1\" content=\"Est. reading time\" \/>\n\t<meta name=\"twitter:data1\" content=\"1 minute\" \/>\n<script type=\"application\/ld+json\" class=\"yoast-schema-graph\">{\"@context\":\"https:\/\/schema.org\",\"@graph\":[{\"@type\":\"WebPage\",\"@id\":\"https:\/\/navee.com.tr\/urun\/navee-st3-pro-elektrikli-scooter\/\",\"url\":\"https:\/\/navee.com.tr\/urun\/navee-st3-pro-elektrikli-scooter\/\",\"name\":\"Navee ST3 Pro Elektrikli Scooter - Navee\",\"isPartOf\":{\"@id\":\"https:\/\/navee.com.tr\/#website\"},\"primaryImageOfPage\":{\"@id\":\"https:\/\/navee.com.tr\/urun\/navee-st3-pro-elektrikli-scooter\/#primaryimage\"},\"image\":{\"@id\":\"https:\/\/navee.com.tr\/urun\/navee-st3-pro-elektrikli-scooter\/#primaryimage\"},\"thumbnailUrl\":\"https:\/\/navee.com.tr\/wp-content\/uploads\/2025\/05\/st3pro-elektrikli-scooter-11.jpg\",\"datePublished\":\"2025-05-27T06:32:48+00:00\",\"dateModified\":\"2026-04-16T09:20:54+00:00\",\"breadcrumb\":{\"@id\":\"https:\/\/navee.com.tr\/urun\/navee-st3-pro-elektrikli-scooter\/#breadcrumb\"},\"inLanguage\":\"en-US\",\"potentialAction\":[{\"@type\":\"ReadAction\",\"target\":[\"https:\/\/navee.com.tr\/urun\/navee-st3-pro-elektrikli-scooter\/\"]}]},{\"@type\":\"ImageObject\",\"inLanguage\":\"en-US\",\"@id\":\"https:\/\/navee.com.tr\/urun\/navee-st3-pro-elektrikli-scooter\/#primaryimage\",\"url\":\"https:\/\/navee.com.tr\/wp-content\/uploads\/2025\/05\/st3pro-elektrikli-scooter-11.jpg\",\"contentUrl\":\"https:\/\/navee.com.tr\/wp-content\/uploads\/2025\/05\/st3pro-elektrikli-scooter-11.jpg\",\"width\":500,\"height\":500},{\"@type\":\"BreadcrumbList\",\"@id\":\"https:\/\/navee.com.tr\/urun\/navee-st3-pro-elektrikli-scooter\/#breadcrumb\",\"itemListElement\":[{\"@type\":\"ListItem\",\"position\":1,\"name\":\"Anasayfa\",\"item\":\"https:\/\/navee.com.tr\/\"},{\"@type\":\"ListItem\",\"position\":2,\"name\":\"\u00dcr\u00fcnler\",\"item\":\"https:\/\/navee.com.tr\/urunler\/\"},{\"@type\":\"ListItem\",\"position\":3,\"name\":\"Navee ST3 Pro Elektrikli Scooter\"}]},{\"@type\":\"WebSite\",\"@id\":\"https:\/\/navee.com.tr\/#website\",\"url\":\"https:\/\/navee.com.tr\/\",\"name\":\"Navee\",\"description\":\"\",\"potentialAction\":[{\"@type\":\"SearchAction\",\"target\":{\"@type\":\"EntryPoint\",\"urlTemplate\":\"https:\/\/navee.com.tr\/?s={search_term_string}\"},\"query-input\":{\"@type\":\"PropertyValueSpecification\",\"valueRequired\":true,\"valueName\":\"search_term_string\"}}],\"inLanguage\":\"en-US\"}]}<\/script>\n<!-- \/ Yoast SEO plugin. -->","yoast_head_json":{"title":"Navee ST3 Pro Elektrikli Scooter - Navee","robots":{"index":"index","follow":"follow","max-snippet":"max-snippet:-1","max-image-preview":"max-image-preview:large","max-video-preview":"max-video-preview:-1"},"canonical":"https:\/\/navee.com.tr\/en\/product\/navee-st3-pro-elektrikli-scooter\/","og_locale":"en_US","og_type":"article","og_title":"Navee ST3 Pro Elektrikli Scooter - Navee","og_description":"1350W maksimum motor g\u00fcc\u00fc ve %28 t\u0131rmanma kapasitesi ile y\u00fcksek performansl\u0131 s\u00fcr\u00fc\u015f    75 km\u2019ye kadar menzil sunan 48V 12.75Ah batarya ile uzun yol kapasitesi    \u00c7ift s\u00fcspansiyon (\u00f6n yayl\u0131 + arka hidrolik) ile her zeminde konforlu ve dengeli s\u00fcr\u00fc\u015f    G\u00fcvenilir fren sistemiyle yolda g\u00fcven verir.    Geni\u015f tabanl\u0131 \u015fasi, 10 in\u00e7 patlamaz lastikler ve IPX5 su ge\u00e7irmezlik seviyesiyle \u015fehir i\u00e7i ve d\u0131\u015f\u0131 zorlu ko\u015fullara tam uyum","og_url":"https:\/\/navee.com.tr\/en\/product\/navee-st3-pro-elektrikli-scooter\/","og_site_name":"Navee","article_modified_time":"2026-04-16T09:20:54+00:00","og_image":[{"width":500,"height":500,"url":"https:\/\/navee.com.tr\/wp-content\/uploads\/2025\/05\/st3pro-elektrikli-scooter-11.jpg","type":"image\/jpeg"}],"twitter_card":"summary_large_image","twitter_misc":{"Est. reading time":"1 minute"},"schema":{"@context":"https:\/\/schema.org","@graph":[{"@type":"WebPage","@id":"https:\/\/navee.com.tr\/urun\/navee-st3-pro-elektrikli-scooter\/","url":"https:\/\/navee.com.tr\/urun\/navee-st3-pro-elektrikli-scooter\/","name":"Navee ST3 Pro Elektrikli Scooter - Navee","isPartOf":{"@id":"https:\/\/navee.com.tr\/#website"},"primaryImageOfPage":{"@id":"https:\/\/navee.com.tr\/urun\/navee-st3-pro-elektrikli-scooter\/#primaryimage"},"image":{"@id":"https:\/\/navee.com.tr\/urun\/navee-st3-pro-elektrikli-scooter\/#primaryimage"},"thumbnailUrl":"https:\/\/navee.com.tr\/wp-content\/uploads\/2025\/05\/st3pro-elektrikli-scooter-11.jpg","datePublished":"2025-05-27T06:32:48+00:00","dateModified":"2026-04-16T09:20:54+00:00","breadcrumb":{"@id":"https:\/\/navee.com.tr\/urun\/navee-st3-pro-elektrikli-scooter\/#breadcrumb"},"inLanguage":"en-US","potentialAction":[{"@type":"ReadAction","target":["https:\/\/navee.com.tr\/urun\/navee-st3-pro-elektrikli-scooter\/"]}]},{"@type":"ImageObject","inLanguage":"en-US","@id":"https:\/\/navee.com.tr\/urun\/navee-st3-pro-elektrikli-scooter\/#primaryimage","url":"https:\/\/navee.com.tr\/wp-content\/uploads\/2025\/05\/st3pro-elektrikli-scooter-11.jpg","contentUrl":"https:\/\/navee.com.tr\/wp-content\/uploads\/2025\/05\/st3pro-elektrikli-scooter-11.jpg","width":500,"height":500},{"@type":"BreadcrumbList","@id":"https:\/\/navee.com.tr\/urun\/navee-st3-pro-elektrikli-scooter\/#breadcrumb","itemListElement":[{"@type":"ListItem","position":1,"name":"Anasayfa","item":"https:\/\/navee.com.tr\/"},{"@type":"ListItem","position":2,"name":"\u00dcr\u00fcnler","item":"https:\/\/navee.com.tr\/urunler\/"},{"@type":"ListItem","position":3,"name":"Navee ST3 Pro Elektrikli Scooter"}]},{"@type":"WebSite","@id":"https:\/\/navee.com.tr\/#website","url":"https:\/\/navee.com.tr\/","name":"Navee","description":"","potentialAction":[{"@type":"SearchAction","target":{"@type":"EntryPoint","urlTemplate":"https:\/\/navee.com.tr\/?s={search_term_string}"},"query-input":{"@type":"PropertyValueSpecification","valueRequired":true,"valueName":"search_term_string"}}],"inLanguage":"en-US"}]}},"_links":{"self":[{"href":"https:\/\/navee.com.tr\/en\/wp-json\/wp\/v2\/product\/13208"}],"collection":[{"href":"https:\/\/navee.com.tr\/en\/wp-json\/wp\/v2\/product"}],"about":[{"href":"https:\/\/navee.com.tr\/en\/wp-json\/wp\/v2\/types\/product"}],"replies":[{"embeddable":true,"href":"https:\/\/navee.com.tr\/en\/wp-json\/wp\/v2\/comments?post=13208"}],"version-history":[{"count":19,"href":"https:\/\/navee.com.tr\/en\/wp-json\/wp\/v2\/product\/13208\/revisions"}],"predecessor-version":[{"id":17800,"href":"https:\/\/navee.com.tr\/en\/wp-json\/wp\/v2\/product\/13208\/revisions\/17800"}],"wp:featuredmedia":[{"embeddable":true,"href":"https:\/\/navee.com.tr\/en\/wp-json\/wp\/v2\/media\/13755"}],"wp:attachment":[{"href":"https:\/\/navee.com.tr\/en\/wp-json\/wp\/v2\/media?parent=13208"}],"wp:term":[{"taxonomy":"product_brand","embeddable":true,"href":"https:\/\/navee.com.tr\/en\/wp-json\/wp\/v2\/product_brand?post=13208"},{"taxonomy":"product_cat","embeddable":true,"href":"https:\/\/navee.com.tr\/en\/wp-json\/wp\/v2\/product_cat?post=13208"},{"taxonomy":"product_tag","embeddable":true,"href":"https:\/\/navee.com.tr\/en\/wp-json\/wp\/v2\/product_tag?post=13208"}],"curies":[{"name":"wp","href":"https:\/\/api.w.org\/{rel}","templated":true}]}}